{"id":9,"date":"2018-12-07T20:41:56","date_gmt":"2018-12-07T19:41:56","guid":{"rendered":"http:\/\/nfinity-beta.pl\/platforma-medyczna\/?page_id=9"},"modified":"2019-07-17T10:37:46","modified_gmt":"2019-07-17T08:37:46","slug":"o-projekcie","status":"publish","type":"page","link":"https:\/\/projekt.ppm.edu.pl\/index.php\/o-projekcie\/","title":{"rendered":"O projekcie"},"content":{"rendered":"<h1>O projekcie &#8211; informacje og\u00f3lne<\/h1>\n<p>&nbsp;<\/p>\n<p>Projekt <strong>\u201ePolska Platforma Medyczna: portal zarz\u0105dzania wiedz\u0105 i potencja\u0142em badawczym\u201d <\/strong>realizowany jest w oparciu o umow\u0119 nr POPC.02.03.01-00-0008\/17-00 Program Operacyjny Polska Cyfrowa na lata 2014-2020, O\u015b Priorytetowa nr 2 \u201eE-administracja i otwarty rz\u0105d\u201d, Dzia\u0142anie 2.3 \u201eCyfrowa dost\u0119pno\u015b\u0107 i u\u017cyteczno\u015b\u0107 informacji sektora publicznego\u201d, Poddzia\u0142anie nr 2.3.1 \u201eCyfrowe udost\u0119pnienie informacji sektora publicznego ze \u017ar\u00f3de\u0142 administracyjnych i zasob\u00f3w nauki\u201d. Projekt wsp\u00f3\u0142finansowany ze \u015brodk\u00f3w Unii Europejskiej w ramach Europejskiego Funduszu Rozwoju Regionalnego.<\/p>\n<p>Jest to<a href=\"http:\/\/www.ppm.edu.pl\/index.php\/o-projekcie\/partnerzy\/\">\u00a0projekt partnerski<\/a>, realizowany w siedmiu uniwersytetach medycznych:<\/p>\n<ol>\n<li>Uniwersytet Medyczny im. Piast\u00f3w \u015al\u0105skich we Wroc\u0142awiu \u2013 lider projektu,<\/li>\n<li>Uniwersytet Medyczny w Bia\u0142ymstoku,<\/li>\n<li>Gda\u0144ski Uniwersytet Medyczny,<\/li>\n<li>\u015al\u0105ski Uniwersytet Medyczny,<\/li>\n<li>Uniwersytet Medyczny w Lublinie,<\/li>\n<li>Pomorski Uniwersytet Medyczny,<\/li>\n<li>Warszawski Uniwersytet Medyczny<\/li>\n<\/ol>\n<p>oraz w Instytucie Medycyny Pracy im. prof. Jerzego Nofera w \u0141odzi.<\/p>\n<p>&nbsp;<\/p>\n<p>Czas realizacji projektu: 1.11.2017-31.10.2020.<\/p>\n<h2>Planowane efekty<\/h2>\n<p>Projekt Polska Platforma Medyczna zak\u0142ada stworzenie platformy integruj\u0105cej, prezentuj\u0105cej i promuj\u0105cej osi\u0105gni\u0119cia naukowe i potencja\u0142 partner\u00f3w w\u00a0 zakresie medycyny, farmacji, stomatologii, zdrowia publicznego, bezpiecze\u0144stwa i higieny pracy, ergonomii i ochrony zdrowia. Planowane jest stworzenie bazy ekspert\u00f3w z r\u00f3\u017cnych obszar\u00f3w nauk medycznych oraz wsp\u00f3lnego repozytorium dziedzinowego, gromadz\u0105cego w jednym miejscu pe\u0142notekstowe obiekty cyfrowe.<br \/>\nEfektem realizacji projektu wyra\u017conym we wska\u017aniku rezultatu bezpo\u015bredniego b\u0119dzie co najmniej 12 480\u00a0350,00 pobra\u0144\/odtworze\u0144 dokument\u00f3w zawieraj\u0105cych informacje sektora publicznego.<\/p>\n<h2>Zak\u0142adane wska\u017aniki<\/h2>\n<p>Liczba podmiot\u00f3w, kt\u00f3re udost\u0119pni\u0142y on-line informacje sektora publicznego: 8,00<br \/>\nLiczba udost\u0119pnionych on-line dokument\u00f3w zawieraj\u0105cych informacje sektora publicznego (w tym z dost\u0119pem dla os\u00f3b niedowidz\u0105cych i niedos\u0142ysz\u0105cych): 20 364,00<br \/>\nLiczba zasob\u00f3w nauki udost\u0119pnionych co najmniej na poziomie 3. wed\u0142ug skali 5 Star Open Data: 20\u00a0054,00<br \/>\nLiczba utworzonych API: 17,00<br \/>\nLiczba baz danych udost\u0119pnionych on-line poprzez API (r\u00f3wnie\u017c dla os\u00f3b niedowidz\u0105cych i niedos\u0142ysz\u0105cych): 25,00<br \/>\nRozmiar udost\u0119pnionych on-line informacji sektora publicznego: 0,08 TB<\/p>\n<p>&nbsp;<\/p>\n<p>Warto\u015b\u0107 projektu:\u00a0 <strong>37 279 341,60 z\u0142.<\/strong><\/p>\n<p>&nbsp;<\/p>\n<p>Wk\u0142ad Funduszy Europejskich: <strong>31\u00a0549\u00a0506,79 z\u0142.<\/strong><\/p>\n<p>&nbsp;<\/p>\n","protected":false},"excerpt":{"rendered":"<p>O projekcie &#8211; informacje og\u00f3lne &nbsp; Projekt \u201ePolska Platforma Medyczna: portal zarz\u0105dzania wiedz\u0105 i potencja\u0142em badawczym\u201d realizowany jest w oparciu o umow\u0119 nr POPC.02.03.01-00-0008\/17-00 Program Operacyjny Polska Cyfrowa na lata 2014-2020, O\u015b Priorytetowa nr 2 \u201eE-administracja i otwarty rz\u0105d\u201d, Dzia\u0142anie 2.3 \u201eCyfrowa dost\u0119pno\u015b\u0107 i u\u017cyteczno\u015b\u0107 informacji sektora publicznego\u201d, Poddzia\u0142anie nr 2.3.1 \u201eCyfrowe udost\u0119pnienie informacji sektora&hellip; <a class=\"continue\" href=\"https:\/\/projekt.ppm.edu.pl\/index.php\/o-projekcie\/\">Czytaj dalej: <span> O projekcie<\/span><\/a><\/p>\n","protected":false},"author":1,"featured_media":90,"parent":0,"menu_order":0,"comment_status":"closed","ping_status":"closed","template":"page-col.php","meta":{"footnotes":""},"class_list":["post-9","page","type-page","status-publish","has-post-thumbnail","hentry"],"_links":{"self":[{"href":"https:\/\/projekt.ppm.edu.pl\/index.php\/wp-json\/wp\/v2\/pages\/9","targetHints":{"allow":["GET"]}}],"collection":[{"href":"https:\/\/projekt.ppm.edu.pl\/index.php\/wp-json\/wp\/v2\/pages"}],"about":[{"href":"https:\/\/projekt.ppm.edu.pl\/index.php\/wp-json\/wp\/v2\/types\/page"}],"author":[{"embeddable":true,"href":"https:\/\/projekt.ppm.edu.pl\/index.php\/wp-json\/wp\/v2\/users\/1"}],"replies":[{"embeddable":true,"href":"https:\/\/projekt.ppm.edu.pl\/index.php\/wp-json\/wp\/v2\/comments?post=9"}],"version-history":[{"count":0,"href":"https:\/\/projekt.ppm.edu.pl\/index.php\/wp-json\/wp\/v2\/pages\/9\/revisions"}],"wp:featuredmedia":[{"embeddable":true,"href":"https:\/\/projekt.ppm.edu.pl\/index.php\/wp-json\/wp\/v2\/media\/90"}],"wp:attachment":[{"href":"https:\/\/projekt.ppm.edu.pl\/index.php\/wp-json\/wp\/v2\/media?parent=9"}],"curies":[{"name":"wp","href":"https:\/\/api.w.org\/{rel}","templated":true}]}}