{"id":858,"date":"2020-10-22T23:35:05","date_gmt":"2020-10-22T21:35:05","guid":{"rendered":"http:\/\/www.ppm.edu.pl\/?page_id=858"},"modified":"2020-11-07T01:11:06","modified_gmt":"2020-11-07T00:11:06","slug":"harmonogram","status":"publish","type":"page","link":"https:\/\/projekt.ppm.edu.pl\/index.php\/harmonogram\/","title":{"rendered":"Harmonogram"},"content":{"rendered":"<p><strong>TYTU\u0141 SZKOLENIA:<\/strong> <strong>&#8220;Polska Platforma Medyczna Uniwersytetu Medycznego we Wroc\u0142awiu &#8211; jak korzysta\u0107 z platformy?&#8221;<\/strong><\/p>\n<p><strong>OPIS SZKOLENIA:<\/strong> Zapoznanie si\u0119 z platform\u0105 PPM-UMW i jej funkcjonalno\u015bciami oraz metody wyszukiwania informacji. Szkolenie przeznaczone dla wszystkich pracownik\u00f3w i student\u00f3w Uniwersytetu Medycznego we Wroc\u0142awiu.<\/p>\n<p><strong>FORMAT SZKOLENIA: <\/strong>Szkolenie online<\/p>\n<p><strong>MIEJSCE SZKOLENIA:<\/strong> Platforma szkoleniowa BigBlueButton <a href=\"https:\/\/bbb.umed.wroc.pl\/b\/jus-tk9-dzg\">https:\/\/bbb.umed.wroc.pl\/b\/jus-tk9-dzg<\/a><\/p>\n<p><strong>DATA SZKOLENIA: <\/strong>9.11.2020 godz. 12.00<\/p>\n<p><strong>CZAS TRWANIA SZKOLENIA:<\/strong> ok. 30 minut, a dodatkowe 10-15 min. b\u0119dzie przeznaczone na ewentualne pytania<\/p>\n<p><strong>REJESTRACJA NA SZKOLENIE:<\/strong> <a href=\"http:\/\/bg.umed.wroc.pl\/registration\/ppm\/index.php?term=2\">Link do formularza<\/a><\/p>\n<hr \/>\n<p>&nbsp;<\/p>\n<p><strong>TYTU\u0141 SZKOLENIA:<\/strong> <strong>&#8220;Polska Platforma Medyczna Uniwersytetu Medycznego we Wroc\u0142awiu &#8211; informacje o dzia\u0142alno\u015bci naukowej pracownik\u00f3w UMW &#8220;<\/strong><\/p>\n<p><strong>OPIS SZKOLENIA:<\/strong> Metody wyszukiwania informacji o dzia\u0142alno\u015bci naukowej pracownik\u00f3w UMW, profile naukowc\u00f3w, wyszukiwanie ekspert\u00f3w, edycja profilu naukowca dla zalogowanych pracownik\u00f3w naukowych. Szkolenie przeznaczone dla pracownik\u00f3w naukowych, doktorant\u00f3w i student\u00f3w Uniwersytetu Medycznego we Wroc\u0142awiu.<\/p>\n<p><strong>FORMAT SZKOLENIA: <\/strong>Szkolenie online<\/p>\n<p><strong>MIEJSCE SZKOLENIA:<\/strong> Platforma szkoleniowa BigBlueButton <a href=\"https:\/\/bbb.umed.wroc.pl\/b\/jus-tk9-dzg\">https:\/\/bbb.umed.wroc.pl\/b\/jus-tk9-dzg<\/a><\/p>\n<p><strong>DATA SZKOLENIA: <\/strong>9.11.2020 godz. 14.00<\/p>\n<p><strong>CZAS TRWANIA SZKOLENIA:<\/strong> ok. 30 minut, a dodatkowe 10-15 min. b\u0119dzie przeznaczone na ewentualne pytania<\/p>\n<p><strong>REJESTRACJA NA SZKOLENIE:<\/strong> <a href=\"http:\/\/bg.umed.wroc.pl\/registration\/ppm\/index.php?term=3\">Link do formularza<\/a><\/p>\n<hr \/>\n<p>&nbsp;<\/p>\n<p><strong>TYTU\u0141 SZKOLENIA:<\/strong> <strong>&#8220;Polska Platforma Medyczna Uniwersytetu Medycznego we Wroc\u0142awiu &#8211; zasoby nauki &#8220;<\/strong><\/p>\n<p><strong>OPIS SZKOLENIA:<\/strong> Wyszukiwanie publikacji i doktorat\u00f3w, publikacje Open Access. Szkolenie przeznaczone dla pracownik\u00f3w naukowych, doktorant\u00f3w i student\u00f3w Uniwersytetu Medycznego we Wroc\u0142awiu.<\/p>\n<p><strong>FORMAT SZKOLENIA: <\/strong>Szkolenie online<\/p>\n<p><strong>MIEJSCE SZKOLENIA:<\/strong> Platforma szkoleniowa BigBlueButton <a href=\"https:\/\/bbb.umed.wroc.pl\/b\/jus-tk9-dzg\">https:\/\/bbb.umed.wroc.pl\/b\/jus-tk9-dzg<\/a><\/p>\n<p><strong>DATA SZKOLENIA:<\/strong> 13.11.2020 godz. 10.00<\/p>\n<p><strong>CZAS TRWANIA SZKOLENIA:<\/strong> ok. 30 minut, a dodatkowe 10-15 min. b\u0119dzie przeznaczone na ewentualne pytania<\/p>\n<p><strong>REJESTRACJA NA SZKOLENIE:<\/strong> <a href=\"http:\/\/bg.umed.wroc.pl\/registration\/ppm\/index.php?term=4\">Link do formularza<\/a><\/p>\n<hr \/>\n<p>&nbsp;<\/p>\n<p><strong>TYTU\u0141 SZKOLENIA:<\/strong> <strong>&#8220;Polska Platforma Medyczna Uniwersytetu Medycznego we Wroc\u0142awiu &#8211; potencja\u0142 badawczy UMW &#8220;<\/strong><\/p>\n<p><strong>OPIS SZKOLENIA:<\/strong> Wyszukiwanie informacji o patentach, projektach, aparaturze badawczej i wydawanych czasopismach. Szkolenie przeznaczone dla wszystkich pracownik\u00f3w Uniwersytetu Medycznego we Wroc\u0142awiu.<\/p>\n<p><strong>FORMAT SZKOLENIA: <\/strong>Szkolenie online<\/p>\n<p><strong>MIEJSCE SZKOLENIA:<\/strong> Platforma szkoleniowa BigBlueButton <a href=\"https:\/\/bbb.umed.wroc.pl\/b\/jus-tk9-dzg\">https:\/\/bbb.umed.wroc.pl\/b\/jus-tk9-dzg<\/a><\/p>\n<p><strong>DATA SZKOLENIA:<\/strong> 13.11.2020 godz. 14.00<\/p>\n<p><strong>CZAS TRWANIA SZKOLENIA:<\/strong> ok. 30 minut, a dodatkowe 10-15 min. b\u0119dzie przeznaczone na ewentualne pytania<\/p>\n<p><strong>REJESTRACJA NA SZKOLENIE:<\/strong> <a href=\"http:\/\/bg.umed.wroc.pl\/registration\/ppm\/index.php?term=5\">Link do formularza<\/a><\/p>\n<hr \/>\n<p>&nbsp;<\/p>\n<p><strong>TYTU\u0141 SZKOLENIA:<\/strong> <strong>&#8220;Polska Platforma Medyczna Uniwersytetu Medycznego we Wroc\u0142awiu &#8211; jak korzysta\u0107 z platformy?&#8221;<\/strong><\/p>\n<p><strong>OPIS SZKOLENIA:<\/strong> Zapoznanie si\u0119 z platform\u0105 PPM-UMW i jej funkcjonalno\u015bciami oraz metody wyszukiwania informacji. Szkolenie przeznaczone dla wszystkich pracownik\u00f3w i student\u00f3w Uniwersytetu Medycznego we Wroc\u0142awiu.<\/p>\n<p><strong>FORMAT SZKOLENIA: <\/strong>Szkolenie online<\/p>\n<p><strong>MIEJSCE SZKOLENIA:<\/strong> Platforma szkoleniowa BigBlueButton <a href=\"https:\/\/bbb.umed.wroc.pl\/b\/jus-tk9-dzg\">https:\/\/bbb.umed.wroc.pl\/b\/jus-tk9-dzg<\/a><\/p>\n<p><strong>DATA SZKOLENIA: <\/strong>20.11.2020 godz. 13.00<\/p>\n<p><strong>CZAS TRWANIA SZKOLENIA:<\/strong> ok. 30 minut, a dodatkowe 10-15 min. b\u0119dzie przeznaczone na ewentualne pytania<\/p>\n<p><strong>REJESTRACJA NA SZKOLENIE:<\/strong> <a href=\"http:\/\/bg.umed.wroc.pl\/registration\/ppm\/index.php?term=6\">Link do formularza<\/a><\/p>\n<hr \/>\n<p>&nbsp;<\/p>\n<p><strong>TYTU\u0141 SZKOLENIA:<\/strong> <strong>&#8220;Polska Platforma Medyczna Uniwersytetu Medycznego we Wroc\u0142awiu &#8211; informacje o dzia\u0142alno\u015bci naukowej pracownik\u00f3w UMW &#8220;<\/strong><\/p>\n<p><strong>OPIS SZKOLENIA:<\/strong> Metody wyszukiwania informacji o dzia\u0142alno\u015bci naukowej pracownik\u00f3w UMW, profile naukowc\u00f3w, wyszukiwanie ekspert\u00f3w, edycja profilu naukowca dla zalogowanych pracownik\u00f3w naukowych. Szkolenie przeznaczone dla pracownik\u00f3w naukowych, doktorant\u00f3w i student\u00f3w Uniwersytetu Medycznego we Wroc\u0142awiu.<\/p>\n<p><strong>FORMAT SZKOLENIA: <\/strong>Szkolenie online<\/p>\n<p><strong>MIEJSCE SZKOLENIA:<\/strong> Platforma szkoleniowa BigBlueButton <a href=\"https:\/\/bbb.umed.wroc.pl\/b\/jus-tk9-dzg\">https:\/\/bbb.umed.wroc.pl\/b\/jus-tk9-dzg<\/a><\/p>\n<p><strong>DATA SZKOLENIA: <\/strong>20.11.2020 godz. 15.00<\/p>\n<p><strong>CZAS TRWANIA SZKOLENIA:<\/strong> ok. 30 minut, a dodatkowe 10-15 min. b\u0119dzie przeznaczone na ewentualne pytania<\/p>\n<p><strong>REJESTRACJA NA SZKOLENIE:<\/strong> <a href=\"http:\/\/bg.umed.wroc.pl\/registration\/ppm\/index.php?term=7\">Link do formularza<\/a><\/p>\n<hr \/>\n<p>&nbsp;<\/p>\n<p><strong>TYTU\u0141 SZKOLENIA:<\/strong> <strong>&#8220;Polska Platforma Medyczna Uniwersytetu Medycznego we Wroc\u0142awiu &#8211; zasoby nauki &#8220;<\/strong><\/p>\n<p><strong>OPIS SZKOLENIA:<\/strong> Wyszukiwanie publikacji i doktorat\u00f3w, publikacje Open Access. Szkolenie przeznaczone dla pracownik\u00f3w naukowych, doktorant\u00f3w i student\u00f3w Uniwersytetu Medycznego we Wroc\u0142awiu.<\/p>\n<p><strong>FORMAT SZKOLENIA: <\/strong>Szkolenie online<\/p>\n<p><strong>MIEJSCE SZKOLENIA:<\/strong> Platforma szkoleniowa BigBlueButton <a href=\"https:\/\/bbb.umed.wroc.pl\/b\/jus-tk9-dzg\">https:\/\/bbb.umed.wroc.pl\/b\/jus-tk9-dzg<\/a><\/p>\n<p><strong>DATA SZKOLENIA: <\/strong>23.11.2020 godz. 12.00<\/p>\n<p><strong>CZAS TRWANIA SZKOLENIA:<\/strong> ok. 30 minut, a dodatkowe 10-15 min. b\u0119dzie przeznaczone na ewentualne pytania<\/p>\n<p><strong>REJESTRACJA NA SZKOLENIE:<\/strong> <a href=\"http:\/\/bg.umed.wroc.pl\/registration\/ppm\/index.php?term=8\">Link do formularza<\/a><\/p>\n<hr \/>\n<p>&nbsp;<\/p>\n<p><strong>TYTU\u0141 SZKOLENIA:<\/strong> <strong>&#8220;Polska Platforma Medyczna Uniwersytetu Medycznego we Wroc\u0142awiu &#8211; potencja\u0142 badawczy UMW &#8220;<\/strong><\/p>\n<p><strong>OPIS SZKOLENIA:<\/strong> Wyszukiwanie informacji o patentach, projektach, aparaturze badawczej i wydawanych czasopismach. Szkolenie przeznaczone dla wszystkich pracownik\u00f3w Uniwersytetu Medycznego we Wroc\u0142awiu.<\/p>\n<p><strong>FORMAT SZKOLENIA: <\/strong>Szkolenie online<\/p>\n<p><strong>MIEJSCE SZKOLENIA:<\/strong> Platforma szkoleniowa BigBlueButton <a href=\"https:\/\/bbb.umed.wroc.pl\/b\/jus-tk9-dzg\">https:\/\/bbb.umed.wroc.pl\/b\/jus-tk9-dzg<\/a><\/p>\n<p><strong>DATA SZKOLENIA: <\/strong>23.11.2020 godz. 15.00<\/p>\n<p><strong>CZAS TRWANIA SZKOLENIA:<\/strong> ok. 30 minut, a dodatkowe 10-15 min. b\u0119dzie przeznaczone na ewentualne pytania<\/p>\n<p><strong>REJESTRACJA NA SZKOLENIE:<\/strong> <a href=\"http:\/\/bg.umed.wroc.pl\/registration\/ppm\/index.php?term=9\">Link do formularza<\/a><\/p>\n<hr \/>\n<p>&nbsp;<\/p>\n<p><strong>TYTU\u0141 SZKOLENIA:<\/strong> <strong>&#8220;Polska Platforma Medyczna Uniwersytetu Medycznego we Wroc\u0142awiu &#8211; jak korzysta\u0107 z platformy?&#8221;<\/strong><\/p>\n<p><strong>OPIS SZKOLENIA:<\/strong> Zapoznanie si\u0119 z platform\u0105 PPM-UMW i jej funkcjonalno\u015bciami oraz metody wyszukiwania informacji. Szkolenie przeznaczone dla wszystkich pracownik\u00f3w i student\u00f3w Uniwersytetu Medycznego we Wroc\u0142awiu.<\/p>\n<p><strong>FORMAT SZKOLENIA: <\/strong>Szkolenie online<\/p>\n<p><strong>MIEJSCE SZKOLENIA:<\/strong> Platforma szkoleniowa BigBlueButton <a href=\"https:\/\/bbb.umed.wroc.pl\/b\/jus-tk9-dzg\">https:\/\/bbb.umed.wroc.pl\/b\/jus-tk9-dzg<\/a><\/p>\n<p><strong>DATA SZKOLENIA: <\/strong>27.11.2020 godz. 10.00<\/p>\n<p><strong>CZAS TRWANIA SZKOLENIA:<\/strong> ok. 30 minut, a dodatkowe 10-15 min. b\u0119dzie przeznaczone na ewentualne pytania<\/p>\n<p><strong>REJESTRACJA NA SZKOLENIE:<\/strong> <a href=\"http:\/\/bg.umed.wroc.pl\/registration\/ppm\/index.php?term=10\">Link do formularza<\/a><\/p>\n<hr \/>\n<p>&nbsp;<\/p>\n<p><strong>TYTU\u0141 SZKOLENIA:<\/strong> <strong>&#8220;Polska Platforma Medyczna Uniwersytetu Medycznego we Wroc\u0142awiu &#8211; informacje o dzia\u0142alno\u015bci naukowej pracownik\u00f3w UMW &#8220;<\/strong><\/p>\n<p><strong>OPIS SZKOLENIA:<\/strong> Metody wyszukiwania informacji o dzia\u0142alno\u015bci naukowej pracownik\u00f3w UMW, profile naukowc\u00f3w, wyszukiwanie ekspert\u00f3w, edycja profilu naukowca dla zalogowanych pracownik\u00f3w naukowych. Szkolenie przeznaczone dla pracownik\u00f3w naukowych, doktorant\u00f3w i student\u00f3w Uniwersytetu Medycznego we Wroc\u0142awiu.<\/p>\n<p><strong>FORMAT SZKOLENIA: <\/strong>Szkolenie online<\/p>\n<p><strong>MIEJSCE SZKOLENIA:<\/strong> Platforma szkoleniowa BigBlueButton <a href=\"https:\/\/bbb.umed.wroc.pl\/b\/jus-tk9-dzg\">https:\/\/bbb.umed.wroc.pl\/b\/jus-tk9-dzg<\/a><\/p>\n<p><strong>DATA SZKOLENIA: <\/strong>27.11.2020 godz. 12.00<\/p>\n<p><strong>CZAS TRWANIA SZKOLENIA:<\/strong> ok. 30 minut, a dodatkowe 10-15 min. b\u0119dzie przeznaczone na ewentualne pytania<\/p>\n<p><strong>REJESTRACJA NA SZKOLENIE:<\/strong> <a href=\"http:\/\/bg.umed.wroc.pl\/registration\/ppm\/index.php?term=11\">Link do formularza<\/a><\/p>\n<hr \/>\n<p>&nbsp;<\/p>\n<p><strong>TYTU\u0141 SZKOLENIA:<\/strong> <strong>&#8220;Polska Platforma Medyczna Uniwersytetu Medycznego we Wroc\u0142awiu &#8211; potencja\u0142 badawczy UMW &#8220;<\/strong><\/p>\n<p><strong>OPIS SZKOLENIA:<\/strong> Wyszukiwanie informacji o patentach, projektach, aparaturze badawczej i wydawanych czasopismach. Szkolenie przeznaczone dla wszystkich pracownik\u00f3w Uniwersytetu Medycznego we Wroc\u0142awiu.<\/p>\n<p><strong>FORMAT SZKOLENIA: <\/strong>Szkolenie online<\/p>\n<p><strong>MIEJSCE SZKOLENIA:<\/strong> Platforma szkoleniowa BigBlueButton <a href=\"https:\/\/bbb.umed.wroc.pl\/b\/jus-tk9-dzg\">https:\/\/bbb.umed.wroc.pl\/b\/jus-tk9-dzg<\/a><\/p>\n<p><strong>DATA SZKOLENIA: <\/strong>30.11.2020 godz. 10.00<\/p>\n<p><strong>CZAS TRWANIA SZKOLENIA:<\/strong> ok. 30 minut, a dodatkowe 10-15 min. b\u0119dzie przeznaczone na ewentualne pytania<\/p>\n<p><strong>REJESTRACJA NA SZKOLENIE:<\/strong> <a href=\"http:\/\/bg.umed.wroc.pl\/registration\/ppm\/index.php?term=12\">Link do formularza<\/a><\/p>\n<hr \/>\n<p>&nbsp;<\/p>\n<p><strong>TYTU\u0141 SZKOLENIA:<\/strong> <strong>&#8220;Polska Platforma Medyczna Uniwersytetu Medycznego we Wroc\u0142awiu &#8211; zasoby nauki &#8220;<\/strong><\/p>\n<p><strong>OPIS SZKOLENIA:<\/strong> Wyszukiwanie publikacji i doktorat\u00f3w, publikacje Open Access. Szkolenie przeznaczone dla pracownik\u00f3w naukowych, doktorant\u00f3w i student\u00f3w Uniwersytetu Medycznego we Wroc\u0142awiu.<\/p>\n<p><strong>FORMAT SZKOLENIA: <\/strong>Szkolenie online<\/p>\n<p><strong>MIEJSCE SZKOLENIA:<\/strong> Platforma szkoleniowa BigBlueButton <a href=\"https:\/\/bbb.umed.wroc.pl\/b\/jus-tk9-dzg\">https:\/\/bbb.umed.wroc.pl\/b\/jus-tk9-dzg<\/a><\/p>\n<p><strong>DATA SZKOLENIA: <\/strong>30.11.2020 godz. 15.00<\/p>\n<p><strong>CZAS TRWANIA SZKOLENIA:<\/strong> ok. 30 minut, a dodatkowe 10-15 min. b\u0119dzie przeznaczone na ewentualne pytania<\/p>\n<p><strong>REJESTRACJA NA SZKOLENIE:<\/strong> <a href=\"http:\/\/bg.umed.wroc.pl\/registration\/ppm\/index.php?term=13\">Link do formularza<\/a><\/p>\n","protected":false},"excerpt":{"rendered":"<p>TYTU\u0141 SZKOLENIA: &#8220;Polska Platforma Medyczna Uniwersytetu Medycznego we Wroc\u0142awiu &#8211; jak korzysta\u0107 z platformy?&#8221; OPIS SZKOLENIA: Zapoznanie si\u0119 z platform\u0105 PPM-UMW i jej funkcjonalno\u015bciami oraz metody wyszukiwania informacji. Szkolenie przeznaczone dla wszystkich pracownik\u00f3w i student\u00f3w Uniwersytetu Medycznego we Wroc\u0142awiu. FORMAT SZKOLENIA: Szkolenie online MIEJSCE SZKOLENIA: Platforma szkoleniowa BigBlueButton https:\/\/bbb.umed.wroc.pl\/b\/jus-tk9-dzg DATA SZKOLENIA: 9.11.2020 godz. 12.00 CZAS&hellip; <a class=\"continue\" href=\"https:\/\/projekt.ppm.edu.pl\/index.php\/harmonogram\/\">Czytaj dalej: <span> Harmonogram<\/span><\/a><\/p>\n","protected":false},"author":4,"featured_media":0,"parent":0,"menu_order":0,"comment_status":"closed","ping_status":"closed","template":"","meta":{"footnotes":""},"class_list":["post-858","page","type-page","status-publish","hentry"],"_links":{"self":[{"href":"https:\/\/projekt.ppm.edu.pl\/index.php\/wp-json\/wp\/v2\/pages\/858","targetHints":{"allow":["GET"]}}],"collection":[{"href":"https:\/\/projekt.ppm.edu.pl\/index.php\/wp-json\/wp\/v2\/pages"}],"about":[{"href":"https:\/\/projekt.ppm.edu.pl\/index.php\/wp-json\/wp\/v2\/types\/page"}],"author":[{"embeddable":true,"href":"https:\/\/projekt.ppm.edu.pl\/index.php\/wp-json\/wp\/v2\/users\/4"}],"replies":[{"embeddable":true,"href":"https:\/\/projekt.ppm.edu.pl\/index.php\/wp-json\/wp\/v2\/comments?post=858"}],"version-history":[{"count":0,"href":"https:\/\/projekt.ppm.edu.pl\/index.php\/wp-json\/wp\/v2\/pages\/858\/revisions"}],"wp:attachment":[{"href":"https:\/\/projekt.ppm.edu.pl\/index.php\/wp-json\/wp\/v2\/media?parent=858"}],"curies":[{"name":"wp","href":"https:\/\/api.w.org\/{rel}","templated":true}]}}