{"id":221,"date":"2019-01-01T21:26:31","date_gmt":"2019-01-01T20:26:31","guid":{"rendered":"http:\/\/nfinity-beta.pl\/platforma-medyczna\/?page_id=221"},"modified":"2019-07-26T09:47:48","modified_gmt":"2019-07-26T07:47:48","slug":"licencje-creative-commons","status":"publish","type":"page","link":"https:\/\/projekt.ppm.edu.pl\/index.php\/otwartosc-w-nauce\/licencje-creative-commons\/","title":{"rendered":"Licencje CC z linkami"},"content":{"rendered":"<h1>Licencje Creative Commons<\/h1>\n<p>Licencje \u201eCreative Commons\u201d (CC) mo\u017cna stosowa\u0107 w odniesieniu do publikacji wszystkich rodzaj\u00f3w utwor\u00f3w obj\u0119tych ochron\u0105 prawa autorskiego (np. ksi\u0105\u017cki, artyku\u0142y<br \/>\nw czasopismach, strony internetowe, dane badawcze). Licencje CC pozwalaj\u0105 autorom zachowa\u0107 w\u0142asne prawa i jednocze\u015bnie udost\u0119pnia\u0107 swoj\u0105 tw\u00f3rczo\u015b\u0107 zainteresowanym. Licencje Creative Commons dzia\u0142aj\u0105 na zasadzie &#8220;pewne prawa zastrze\u017cone\u201d &#8211; tzn. w\u0142a\u015bciciel praw autorskich upowa\u017cnia u\u017cytkownika do korzystania z jego utworu pod pewnymi warunkami, a granice dozwolonego u\u017cytku s\u0105 szersze i wyra\u017aniejsze ni\u017c te wytyczone na zasadzie \u201cwszelkie prawa zastrze\u017cone\u201d.<\/p>\n<p>Na stronie <a href=\"https:\/\/creativecommons.pl\/\">creativecommons.pl<\/a> znajduje si\u0119 opis poszczeg\u00f3lnych licencji w wersji podstawowej i rozwini\u0119tej oraz formularz umo\u017cliwiaj\u0105cy wyb\u00f3r w\u0142a\u015bciwej licencji. Sk\u0142ada si\u0119 on z trzech cz\u0119\u015bci: przyst\u0119pnego podsumowania, tekstu prawnego oraz kodu HTML, kt\u00f3ry umie\u015bci\u0107 mo\u017cna na stronie internetowej obok zamieszczonego utworu. U\u017cycie licencji CC jest zwolnione z op\u0142at.<\/p>\n<p>Licencje Creative Commons musz\u0105 spe\u0142nia\u0107 przynajmniej jeden z 4 warunk\u00f3w:<br \/>\n\u2022 BY &#8211; uznanie autorstwa. Wolno kopiowa\u0107, rozprowadza\u0107, przedstawia\u0107 i wykonywa\u0107 obj\u0119ty prawem autorskim utw\u00f3r oraz opracowane na jego podstawie utwory zale\u017cne pod warunkiem, \u017ce zostanie przywo\u0142ane nazwisko autora pierwowzoru.<br \/>\n\u2022 NC \u2013 u\u017cycie niekomercyjne. Wolno kopiowa\u0107, rozprowadza\u0107, przedstawia\u0107 i wykonywa\u0107 obj\u0119ty prawem autorskim utw\u00f3r oraz opracowane na jego podstawie utwory zale\u017cne jedynie do cel\u00f3w niekomercyjnych.<br \/>\n\u2022 SA \u2013 na tych samych warunkach. Wolno rozprowadza\u0107 utwory zale\u017cne jedynie na licencji identycznej do tej, na kt\u00f3rej udost\u0119pniono utw\u00f3r oryginalny.<br \/>\n\u2022 ND &#8211; bez utwor\u00f3w zale\u017cnych. Wolno kopiowa\u0107, rozprowadza\u0107, przedstawia\u0107 i wykonywa\u0107 utw\u00f3r jedynie w jego oryginalnej postaci \u2013 tworzenie utwor\u00f3w zale\u017cnych jest niedozwolone.<br \/>\n\u201cCreative Commons\u201d to 6 wariant\u00f3w licencji. Tylko dwie licencje CC s\u0105 wolne: s\u0105 to CC BY oraz CC BY-SA. Pozosta\u0142e s\u0105 licencjami ograniczaj\u0105cymi prawa u\u017cytkownika (np. brak mo\u017cliwo\u015bci tworzenia utwor\u00f3w zale\u017cnych czy u\u017cycie utworu do cel\u00f3w komercyjnych):<br \/>\n\u2022 CC BY \u2013 Creative Commons Uznanie autorstwa, wolna licencja;<br \/>\n\u2022 CC BY-SA \u2013 Creative Commons Uznanie autorstwa-Na tych samych warunkach, wolna licencja;<br \/>\n\u2022 CC BY-NC \u2013 Creative Commons Uznanie autorstwa-U\u017cycie niekomercyjne;<br \/>\n\u2022 CC BY-ND \u2013 Creative Commons Uznanie autorstwa-Bez utwor\u00f3w zale\u017cnych;<br \/>\n\u2022 CC BY-NC-SA \u2013 Creative Commons Uznanie autorstwa-U\u017cycie niekomercyjne-Na tych samych warunkach;<br \/>\n\u2022 CC BY-NC-ND \u2013 Creative Commons Uznanie autorstwa-U\u017cycie niekomercyjne-Bez utwor\u00f3w zale\u017cnych.<\/p>\n<p><span style=\"font-size: small;\"> Opracowano na podstawie:<br \/>\n1. creativecommons.pl [strona internetowa, dost\u0119p dn. 16.01.2019 r.].<br \/>\n2. prawokultury.pl\/kurs\/creative-commons [strona internetowa, dost\u0119p dn. 16.01.2019 r.].<br \/>\n3. koed.org.pl\/pl\/ [strona internetowa, dost\u0119p dn. 16.01.2019 r.].<br \/>\n4. sherpa.ac.uk\/romeo\/index.php [strona internetowa, dost\u0119p dn. 16.01.2019 r.].<br \/>\n5. v2.sherpa.ac.uk\/opendoar\/ [strona internetowa, dost\u0119p dn. 16.01.2019 r.].<br \/>\n6. roar.eprints.org\/ [strona internetowa, dost\u0119p dn. 16.01.2019 r.].<br \/>\n7. doaj.org [strona internetowa, dost\u0119p dn. 16.01.2019 r.].<br \/>\n8. Otwarty dost\u0119p do publikacji naukowych : kwestie prawne [dokument elektroniczny] \/ Krzysztof Siewicz. &#8211; Warszawa : Wydawnictwa Uniwersytetu Warszawskiego, cop. 2012.<br \/>\n9. Otwarty dost\u0119p [dokument elektroniczny] \/ Peter Suber ; [przek\u0142. Roman Bogacewicz, Maciej Chojnowski, Wojciech Fenrich, Joanna Kielan, Andrzej Le\u015bniak, Krzysztof Siewicz, Micha\u0142 Starczewski, Jakub Szprot]. &#8211; Warszawa : Wydawnictwa Uniwersytetu Warszawskiego, cop. 2014.<br \/>\n10. Otwarta nauka w Polsce 2014 [dokument elektroniczny] : diagnoza \/ pod redakcj\u0105 Jakuba Szprota ; autorzy Andrzej Le\u015bniak, Michael Morys-Twarowski, Krzysztof Siewicz, Micha\u0142 Starczewski, Lidia St\u0119pi\u0144ska-Ustasiak, Jakub Szprot. &#8211; Warszawa : Wydawnictwa ICM, 2014.<br \/>\n11. Otwarta nauka: prawo autorskie i wolne licencje [dokument elektroniczny] : broszura powsta\u0142a w ramach szkolenia \u201ePrawo autorskie i wolne licencje w otwartej nauce\u201d, kt\u00f3re odby\u0142o si\u0119 8 i 14 grudnia 2017 roku w Warszawie \/ Ewa Majdecka, Katarzyna Strycharz. \u2013 Warszawa : Centrum Cyfrowe, 2018.<br \/>\n12. St\u0119pi\u0144ska-Ustasiak L., Open access to research data and scientific publications. Infos. Zagadnienia spo\u0142eczno-gospodarcze., 2017, 9(232), 1-4. <\/span><\/p>\n","protected":false},"excerpt":{"rendered":"<p>Licencje Creative Commons Licencje \u201eCreative Commons\u201d (CC) mo\u017cna stosowa\u0107 w odniesieniu do publikacji wszystkich rodzaj\u00f3w utwor\u00f3w obj\u0119tych ochron\u0105 prawa autorskiego (np. ksi\u0105\u017cki, artyku\u0142y w czasopismach, strony internetowe, dane badawcze). Licencje CC pozwalaj\u0105 autorom zachowa\u0107 w\u0142asne prawa i jednocze\u015bnie udost\u0119pnia\u0107 swoj\u0105 tw\u00f3rczo\u015b\u0107 zainteresowanym. Licencje Creative Commons dzia\u0142aj\u0105 na zasadzie &#8220;pewne prawa zastrze\u017cone\u201d &#8211; tzn. w\u0142a\u015bciciel praw&hellip; <a class=\"continue\" href=\"https:\/\/projekt.ppm.edu.pl\/index.php\/otwartosc-w-nauce\/licencje-creative-commons\/\">Czytaj dalej: <span> Licencje CC z linkami<\/span><\/a><\/p>\n","protected":false},"author":1,"featured_media":204,"parent":13,"menu_order":0,"comment_status":"closed","ping_status":"closed","template":"page-col.php","meta":{"footnotes":""},"class_list":["post-221","page","type-page","status-publish","has-post-thumbnail","hentry"],"_links":{"self":[{"href":"https:\/\/projekt.ppm.edu.pl\/index.php\/wp-json\/wp\/v2\/pages\/221","targetHints":{"allow":["GET"]}}],"collection":[{"href":"https:\/\/projekt.ppm.edu.pl\/index.php\/wp-json\/wp\/v2\/pages"}],"about":[{"href":"https:\/\/projekt.ppm.edu.pl\/index.php\/wp-json\/wp\/v2\/types\/page"}],"author":[{"embeddable":true,"href":"https:\/\/projekt.ppm.edu.pl\/index.php\/wp-json\/wp\/v2\/users\/1"}],"replies":[{"embeddable":true,"href":"https:\/\/projekt.ppm.edu.pl\/index.php\/wp-json\/wp\/v2\/comments?post=221"}],"version-history":[{"count":0,"href":"https:\/\/projekt.ppm.edu.pl\/index.php\/wp-json\/wp\/v2\/pages\/221\/revisions"}],"up":[{"embeddable":true,"href":"https:\/\/projekt.ppm.edu.pl\/index.php\/wp-json\/wp\/v2\/pages\/13"}],"wp:featuredmedia":[{"embeddable":true,"href":"https:\/\/projekt.ppm.edu.pl\/index.php\/wp-json\/wp\/v2\/media\/204"}],"wp:attachment":[{"href":"https:\/\/projekt.ppm.edu.pl\/index.php\/wp-json\/wp\/v2\/media?parent=221"}],"curies":[{"name":"wp","href":"https:\/\/api.w.org\/{rel}","templated":true}]}}