{"id":219,"date":"2019-01-01T21:26:11","date_gmt":"2019-01-01T20:26:11","guid":{"rendered":"http:\/\/nfinity-beta.pl\/platforma-medyczna\/?page_id=219"},"modified":"2021-02-15T09:54:09","modified_gmt":"2021-02-15T08:54:09","slug":"wzory-licencji-ppm","status":"publish","type":"page","link":"https:\/\/projekt.ppm.edu.pl\/index.php\/otwartosc-w-nauce\/wzory-licencji-ppm\/","title":{"rendered":"Wzory licencji CC do pobrania"},"content":{"rendered":"<p><a href=\"http:\/\/projekt.ppm.edu.pl\/wp-content\/uploads\/2019\/07\/CC_Licencje_obrazkowa_instrukcja.jpg\"><img loading=\"lazy\" decoding=\"async\" class=\"aligncenter wp-image-471\" src=\"http:\/\/www.ppm.edu.pl\/wp-content\/uploads\/2019\/07\/CC_Licencje_obrazkowa_instrukcja-1024x752.jpg\" alt=\"tabelka pokazujaca r\u00f3zne rodzaje licencji cc\" width=\"700\" height=\"514\" srcset=\"https:\/\/projekt.ppm.edu.pl\/wp-content\/uploads\/2019\/07\/CC_Licencje_obrazkowa_instrukcja-1024x752.jpg 1024w, https:\/\/projekt.ppm.edu.pl\/wp-content\/uploads\/2019\/07\/CC_Licencje_obrazkowa_instrukcja-300x220.jpg 300w, https:\/\/projekt.ppm.edu.pl\/wp-content\/uploads\/2019\/07\/CC_Licencje_obrazkowa_instrukcja-768x564.jpg 768w, https:\/\/projekt.ppm.edu.pl\/wp-content\/uploads\/2019\/07\/CC_Licencje_obrazkowa_instrukcja-1320x969.jpg 1320w, https:\/\/projekt.ppm.edu.pl\/wp-content\/uploads\/2019\/07\/CC_Licencje_obrazkowa_instrukcja.jpg 1352w\" sizes=\"auto, (max-width: 700px) 100vw, 700px\" \/><\/a><\/p>\n<p>&nbsp;<\/p>\n<h2><\/h2>\n<h2>Wzory um\u00f3w licencji CC do pobrania:<\/h2>\n<ul>\n<li><a href=\"http:\/\/projekt.ppm.edu.pl\/wp-content\/uploads\/2019\/07\/1-umowa_licencyjna_CCBY.docx\">1 umowa_licencyjna_CC-BY<\/a><\/li>\n<li><a href=\"http:\/\/projekt.ppm.edu.pl\/wp-content\/uploads\/2019\/07\/1a-Za\u0142\u0105cznik_do_umowy_licencyjnej_CCBY.docx\">1a Za\u0142\u0105cznik_do_umowy_licencyjnej_CC-BY<\/a><\/li>\n<li><a href=\"http:\/\/projekt.ppm.edu.pl\/wp-content\/uploads\/2019\/07\/2-umowa_licencyjna_CCBYNC.docx\">2 umowa_licencyjna_CCBYNC<\/a><\/li>\n<li><a href=\"http:\/\/projekt.ppm.edu.pl\/wp-content\/uploads\/2019\/07\/2b-Za\u0142\u0105cznik_do_umowy_licencyjnej_CCBYNC.docx\">2b Za\u0142\u0105cznik_do_umowy_licencyjnej_CC-BY-NC<\/a><\/li>\n<li><a href=\"http:\/\/projekt.ppm.edu.pl\/wp-content\/uploads\/2019\/07\/3-umowa_licencyjna_CCBYNCND.docx\">3umowa_licencyjna_CC-BY-NC-ND<\/a><\/li>\n<li><a href=\"http:\/\/projekt.ppm.edu.pl\/wp-content\/uploads\/2019\/07\/3c-Za\u0142\u0105cznik_do_umowy_licencyjnej_CCBYNCND.docx\">3c Za\u0142\u0105cznik_do_umowy_licencyjnej_CC-BY-NC-ND<\/a><\/li>\n<li><a href=\"http:\/\/projekt.ppm.edu.pl\/wp-content\/uploads\/2019\/07\/4-umowa_licencyjna_CCBYNCSA.docx\">4 umowa_licencyjna_CC-BY-NC-SA<\/a><\/li>\n<li><a href=\"http:\/\/projekt.ppm.edu.pl\/wp-content\/uploads\/2019\/07\/4d-Za\u0142\u0105cznik_do_umowy_licencyjnej_CCBYNCSA.docx\">4d Za\u0142\u0105cznik_do_umowy_licencyjnej_CC-BY-NC-SA<\/a><\/li>\n<li><a href=\"http:\/\/projekt.ppm.edu.pl\/wp-content\/uploads\/2019\/07\/5-umowa_licencyjna_CCBYND.docx\">5 umowa_licencyjna_CC-BY-ND<\/a><\/li>\n<li><a href=\"http:\/\/projekt.ppm.edu.pl\/wp-content\/uploads\/2019\/07\/5e-Za\u0142\u0105cznik_do_umowy_licencyjnej_CCBYND.docx\">5e Za\u0142\u0105cznik_do_umowy_licencyjnej_CC-BY-ND<\/a><\/li>\n<li><a href=\"http:\/\/projekt.ppm.edu.pl\/wp-content\/uploads\/2019\/07\/6-umowa-licencyjna_CCBYSA.docx\">6 umowa licencyjna_CC-BY-SA<\/a><\/li>\n<li><a href=\"http:\/\/projekt.ppm.edu.pl\/wp-content\/uploads\/2019\/07\/6f-Za\u0142\u0105cznik_do_umowy_licencyjnej_CCBYSA.docx\">6f Za\u0142\u0105cznik_do_umowy_licencyjnej_CC-BY-SA<\/a><\/li>\n<li><a href=\"http:\/\/projekt.ppm.edu.pl\/wp-content\/uploads\/2019\/07\/7-umowa_o_przeniesienie_praw_autorskich.docx\">7 umowa_o_przeniesienie_praw_autorskich<\/a><\/li>\n<li><a href=\"http:\/\/projekt.ppm.edu.pl\/wp-content\/uploads\/2019\/07\/7g-Za\u0142\u0105cznik_do_umowy_licencyjnej_1g.docx\">7g Za\u0142\u0105cznik_do_umowy_licencyjnej_1g<\/a><\/li>\n<li><a href=\"http:\/\/projekt.ppm.edu.pl\/wp-content\/uploads\/2019\/07\/8-umowa_licencjyjna_wy\u0142\u0105czna.docx\">8 umowa_licencjyjna_wy\u0142\u0105czna<\/a><\/li>\n<li><a href=\"http:\/\/projekt.ppm.edu.pl\/wp-content\/uploads\/2019\/07\/9-umowa_licencji_dane-badawcze.docx\">9 umowa_licencji_dane badawcze<\/a><\/li>\n<\/ul>\n<p>&nbsp;<\/p>\n<h2>Wersje w j\u0119zyku angielskim:<\/h2>\n<ul>\n<li><a href=\"http:\/\/projekt.ppm.edu.pl\/wp-content\/uploads\/2021\/02\/CC-BY.doc\">Unpaid non-exclusive license agreement (CC-BY)<\/a><\/li>\n<li><a href=\"http:\/\/projekt.ppm.edu.pl\/wp-content\/uploads\/2021\/02\/CC-BY-NC.doc\">Unpaid non-exclusive license agreement (CC-BY-NC)<\/a><\/li>\n<li><a href=\"http:\/\/projekt.ppm.edu.pl\/wp-content\/uploads\/2021\/02\/CC-BY-NC-ND.doc\">Unpaid non-exclusive license agreement (CC-BY-NC-ND)<\/a><\/li>\n<li><a href=\"http:\/\/projekt.ppm.edu.pl\/wp-content\/uploads\/2021\/02\/CC-BY-NC-SA.doc\">Unpaid non-exclusive license agreement(CC-BY-NC-SA)<\/a><\/li>\n<li><a href=\"http:\/\/projekt.ppm.edu.pl\/wp-content\/uploads\/2021\/02\/CC-BY-ND.doc\">Unpaid non-exclusive license agreement (CC-BY-ND)<\/a><\/li>\n<li><a href=\"http:\/\/projekt.ppm.edu.pl\/wp-content\/uploads\/2021\/02\/CC-BY-SA.doc\">Unpaid non-exclusive license agreement (CC-BY-SA)<\/a><\/li>\n<li><a href=\"http:\/\/projekt.ppm.edu.pl\/wp-content\/uploads\/2021\/02\/NARROWEST.doc\">License agreement<\/a><\/li>\n<li><a href=\"http:\/\/projekt.ppm.edu.pl\/wp-content\/uploads\/2021\/02\/EXCLUSIVE.doc\">License agreement (EXCLUSIVE LICENSE)<\/a><\/li>\n<li><a href=\"http:\/\/projekt.ppm.edu.pl\/wp-content\/uploads\/2021\/02\/RESEARCH-DATA.doc\">License agreement for research data<\/a><\/li>\n<li><a href=\"http:\/\/projekt.ppm.edu.pl\/wp-content\/uploads\/2021\/02\/TRANSFER.doc\">Agreement on unpaid transfer of property rightst<\/a><\/li>\n<\/ul>\n","protected":false},"excerpt":{"rendered":"<p>&nbsp; Wzory um\u00f3w licencji CC do pobrania: 1 umowa_licencyjna_CC-BY 1a Za\u0142\u0105cznik_do_umowy_licencyjnej_CC-BY 2 umowa_licencyjna_CCBYNC 2b Za\u0142\u0105cznik_do_umowy_licencyjnej_CC-BY-NC 3umowa_licencyjna_CC-BY-NC-ND 3c Za\u0142\u0105cznik_do_umowy_licencyjnej_CC-BY-NC-ND 4 umowa_licencyjna_CC-BY-NC-SA 4d Za\u0142\u0105cznik_do_umowy_licencyjnej_CC-BY-NC-SA 5 umowa_licencyjna_CC-BY-ND 5e Za\u0142\u0105cznik_do_umowy_licencyjnej_CC-BY-ND 6 umowa licencyjna_CC-BY-SA 6f Za\u0142\u0105cznik_do_umowy_licencyjnej_CC-BY-SA 7 umowa_o_przeniesienie_praw_autorskich 7g Za\u0142\u0105cznik_do_umowy_licencyjnej_1g 8 umowa_licencjyjna_wy\u0142\u0105czna 9 umowa_licencji_dane badawcze &nbsp; Wersje w j\u0119zyku angielskim: Unpaid non-exclusive license agreement (CC-BY) Unpaid non-exclusive license agreement (CC-BY-NC)&hellip; <a class=\"continue\" href=\"https:\/\/projekt.ppm.edu.pl\/index.php\/otwartosc-w-nauce\/wzory-licencji-ppm\/\">Czytaj dalej: <span> Wzory licencji CC do pobrania<\/span><\/a><\/p>\n","protected":false},"author":1,"featured_media":0,"parent":13,"menu_order":0,"comment_status":"closed","ping_status":"closed","template":"","meta":{"footnotes":""},"class_list":["post-219","page","type-page","status-publish","hentry"],"_links":{"self":[{"href":"https:\/\/projekt.ppm.edu.pl\/index.php\/wp-json\/wp\/v2\/pages\/219","targetHints":{"allow":["GET"]}}],"collection":[{"href":"https:\/\/projekt.ppm.edu.pl\/index.php\/wp-json\/wp\/v2\/pages"}],"about":[{"href":"https:\/\/projekt.ppm.edu.pl\/index.php\/wp-json\/wp\/v2\/types\/page"}],"author":[{"embeddable":true,"href":"https:\/\/projekt.ppm.edu.pl\/index.php\/wp-json\/wp\/v2\/users\/1"}],"replies":[{"embeddable":true,"href":"https:\/\/projekt.ppm.edu.pl\/index.php\/wp-json\/wp\/v2\/comments?post=219"}],"version-history":[{"count":0,"href":"https:\/\/projekt.ppm.edu.pl\/index.php\/wp-json\/wp\/v2\/pages\/219\/revisions"}],"up":[{"embeddable":true,"href":"https:\/\/projekt.ppm.edu.pl\/index.php\/wp-json\/wp\/v2\/pages\/13"}],"wp:attachment":[{"href":"https:\/\/projekt.ppm.edu.pl\/index.php\/wp-json\/wp\/v2\/media?parent=219"}],"curies":[{"name":"wp","href":"https:\/\/api.w.org\/{rel}","templated":true}]}}