{"id":217,"date":"2019-01-01T21:25:52","date_gmt":"2019-01-01T20:25:52","guid":{"rendered":"http:\/\/nfinity-beta.pl\/platforma-medyczna\/?page_id=217"},"modified":"2021-02-26T15:51:43","modified_gmt":"2021-02-26T14:51:43","slug":"otwarta-nauka","status":"publish","type":"page","link":"https:\/\/projekt.ppm.edu.pl\/index.php\/otwartosc-w-nauce\/otwarta-nauka\/","title":{"rendered":"Rekomendacje ministerialne"},"content":{"rendered":"<h1>Rekomendacje Ministerialne<\/h1>\n<p>Projekt <em>Polska Platforma Medyczna: portal zarz\u0105dzania wiedz\u0105 i potencja\u0142em badawczym <\/em>jest zgodny z promowan\u0105 przez UE koncepcj\u0105 otwartej nauki \u2013 w tym otwartego dost\u0119pu do publikacji i wynik\u00f3w bada\u0144 naukowych. Rekomendacje UE, dotycz\u0105ce poparcia idei otwartej nauki, s\u0105 realizowane przez MNiSW, dzia\u0142aniami wspomagaj\u0105cymi \u2013 wydaj\u0105 zalecenia. Najwa\u017cniejsze z nich:<\/p>\n<ul>\n<li><a href=\"https:\/\/www.gov.pl\/documents\/1068557\/1069061\/20180413_Kierunki_rozwoju_OD_wersja_ostateczna.pdf\"><em>Kierunki rozwoju otwartego dost\u0119pu do publikacji i wynik\u00f3w bada\u0144 naukowych w Polsce<\/em><\/a><\/li>\n<\/ul>\n<p>Dokument przyj\u0119ty przez MNiSW 23 pa\u017adziernika 2015 roku, w kt\u00f3rym zosta\u0142y okre\u015blone strategiczne za\u0142o\u017cenia polityki otwartego dost\u0119pu oraz sformu\u0142owane zalecenia dotycz\u0105ce wprowadzania otwartego dost\u0119pu przez podmioty finansuj\u0105ce badania (NCN, NCBR, MNiSW), jednostki naukowe, uczelnie oraz wydawc\u00f3w, w tym wydawc\u00f3w czasopism naukowych. Dokument jest\u00a0 odpowiedzi\u0105 na <em>Zalecenie Komisji Europejskiej z dnia 17 lipca 2012 w sprawie dost\u0119pu do informacji naukowej i jej ochrony<\/em>.<\/p>\n<ul>\n<li><a href=\"http:\/\/biblioteka.wum.edu.pl\/sites\/biblioteka.wum.edu.pl\/files\/10_02_2017_list.pdf\"><em>List Ministra Nauki i Szkolnictwa Wy\u017cszego<\/em> <em>&#8211; Jaros\u0142awa Gowina z 10 lutego 2017 r.<\/em><\/a><\/li>\n<\/ul>\n<p>List w sprawie otwartego dost\u0119pu do publikacji naukowych,\u00a0 zawieraj\u0105cy zalecenie realizacji , przez jednostki naukowe i uczelnie, rekomendacji MNiSW w zakresie otwartego dost\u0119pu zawartych w dokumencie pn. <em>Kierunki rozwoju otwartego dost\u0119pu do publikacji i wynik\u00f3w bada\u0144 naukowych w Polsce. S<\/em>zczeg\u00f3lny nacisk po\u0142o\u017cony zosta\u0142 na zalecenia dotycz\u0105ce przyjmowania instytucjonalnych polityk otwartego dost\u0119pu, wyznaczania pe\u0142nomocnik\u00f3w ds. otwartego dost\u0119pu, szkolenia pracownik\u00f3w naukowych, wykorzystania potencja\u0142u bibliotek akademickich, deponowania pe\u0142nych tekst\u00f3w artyku\u0142\u00f3w naukowych w otwartych repozytoriach oraz tworzenia infrastruktury otwartego dost\u0119pu, w tym repozytori\u00f3w.<\/p>\n<ul>\n<li><a href=\"https:\/\/wbn.icm.edu.pl\/licencje\/#springer_open_choice\"><em>Springer Open Choice<\/em><\/a><\/li>\n<\/ul>\n<p>Program finansowany przez\u00a0 Ministerstwo Nauki i Szkolnictwa Wy\u017cszego od roku 2010 umo\u017cliwiaj\u0105cy\u00a0 autorom afiliowanym w polskich instytucjach akademickich\u00a0 bezp\u0142atne publikowanie artyku\u0142\u00f3w w czasopismach naukowych wydawnictwa Springer\u00a0 na zasadzie swobodnego dost\u0119pu <em>\u2013 <\/em><a href=\"http:\/\/projekt.ppm.edu.pl\/index.php\/otwartosc-w-nauce\/open-access\/\">Open Access.<\/a><\/p>\n","protected":false},"excerpt":{"rendered":"<p>Rekomendacje Ministerialne Projekt Polska Platforma Medyczna: portal zarz\u0105dzania wiedz\u0105 i potencja\u0142em badawczym jest zgodny z promowan\u0105 przez UE koncepcj\u0105 otwartej nauki \u2013 w tym otwartego dost\u0119pu do publikacji i wynik\u00f3w bada\u0144 naukowych. Rekomendacje UE, dotycz\u0105ce poparcia idei otwartej nauki, s\u0105 realizowane przez MNiSW, dzia\u0142aniami wspomagaj\u0105cymi \u2013 wydaj\u0105 zalecenia. Najwa\u017cniejsze z nich: Kierunki rozwoju otwartego dost\u0119pu&hellip; <a class=\"continue\" href=\"https:\/\/projekt.ppm.edu.pl\/index.php\/otwartosc-w-nauce\/otwarta-nauka\/\">Czytaj dalej: <span> Rekomendacje ministerialne<\/span><\/a><\/p>\n","protected":false},"author":1,"featured_media":204,"parent":13,"menu_order":0,"comment_status":"closed","ping_status":"closed","template":"page-col.php","meta":{"footnotes":""},"class_list":["post-217","page","type-page","status-publish","has-post-thumbnail","hentry"],"_links":{"self":[{"href":"https:\/\/projekt.ppm.edu.pl\/index.php\/wp-json\/wp\/v2\/pages\/217","targetHints":{"allow":["GET"]}}],"collection":[{"href":"https:\/\/projekt.ppm.edu.pl\/index.php\/wp-json\/wp\/v2\/pages"}],"about":[{"href":"https:\/\/projekt.ppm.edu.pl\/index.php\/wp-json\/wp\/v2\/types\/page"}],"author":[{"embeddable":true,"href":"https:\/\/projekt.ppm.edu.pl\/index.php\/wp-json\/wp\/v2\/users\/1"}],"replies":[{"embeddable":true,"href":"https:\/\/projekt.ppm.edu.pl\/index.php\/wp-json\/wp\/v2\/comments?post=217"}],"version-history":[{"count":0,"href":"https:\/\/projekt.ppm.edu.pl\/index.php\/wp-json\/wp\/v2\/pages\/217\/revisions"}],"up":[{"embeddable":true,"href":"https:\/\/projekt.ppm.edu.pl\/index.php\/wp-json\/wp\/v2\/pages\/13"}],"wp:featuredmedia":[{"embeddable":true,"href":"https:\/\/projekt.ppm.edu.pl\/index.php\/wp-json\/wp\/v2\/media\/204"}],"wp:attachment":[{"href":"https:\/\/projekt.ppm.edu.pl\/index.php\/wp-json\/wp\/v2\/media?parent=217"}],"curies":[{"name":"wp","href":"https:\/\/api.w.org\/{rel}","templated":true}]}}