{"id":213,"date":"2019-01-01T21:25:07","date_gmt":"2019-01-01T20:25:07","guid":{"rendered":"http:\/\/nfinity-beta.pl\/platforma-medyczna\/?page_id=213"},"modified":"2021-07-12T15:43:05","modified_gmt":"2021-07-12T13:43:05","slug":"media-o-nas","status":"publish","type":"page","link":"https:\/\/projekt.ppm.edu.pl\/index.php\/o-projekcie\/media-o-nas\/","title":{"rendered":"Media o nas"},"content":{"rendered":"<h1>MEDIA O NAS<\/h1>\n<p><strong>\u00a0<\/strong><\/p>\n<h3>Internetowe serwisy informacyjne<\/h3>\n<p>Rok 2021<\/p>\n<ol>\n<li>https:\/\/innowacje.newseria.pl\/biuro-prasowe\/nauka\/nauka-na-jedno-klikniecie,b991557989<\/li>\n<li><a href=\"https:\/\/naukawpolsce.pap.pl\/aktualnosci\/news%2C86039%2Cponad-220-tys-artykulow-naukowych-w-polskiej-platformie-medycznej-ktora\" target=\"_blank\" rel=\"noopener\">https:\/\/naukawpolsce.pap.pl\/aktualnosci\/news%2C86039%2Cponad-220-tys-artykulow-naukowych-w-polskiej-platformie-medycznej-ktora<\/a><\/li>\n<li><a href=\"http:\/\/nauka.pap.pl\/palio\/html.run?_Instance=cms_nauka.pap.pl&amp;_PageID=11&amp;s=depesza&amp;dz=&amp;dep=355670&amp;kat=NAUKA&amp;_CheckSum=-1941410937\" target=\"_blank\" rel=\"noopener\">http:\/\/nauka.pap.pl\/palio\/html.run?_Instance=cms_nauka.pap.pl&amp;_PageID=11&amp;s=depesza&amp;dz=&amp;dep=355670&amp;kat=NAUKA&amp;_CheckSum=-1941410937<\/a><\/li>\n<li><a href=\"https:\/\/www.tal-com.com\/pl\/technologie\/nowa-platforma-medyczna-ktora-stworzylo-kilka-uczelni\" target=\"_blank\" rel=\"noopener\">https:\/\/www.tal-com.com\/pl\/technologie\/nowa-platforma-medyczna-ktora-stworzylo-kilka-uczelni<\/a><\/li>\n<li><a href=\"http:\/\/www.jaknapisac.com\/ponad-220-tys-artykulow-naukowych-w-polskiej-platformie-medycznej-ktora-stworzylo-kilka-uczelni\/\" target=\"_blank\" rel=\"noopener\">http:\/\/www.jaknapisac.com\/ponad-220-tys-artykulow-naukowych-w-polskiej-platformie-medycznej-ktora-stworzylo-kilka-uczelni\/<\/a><\/li>\n<li><a href=\"https:\/\/www.rynekzdrowia.pl\/Nauka\/Kilka-uczelni-medycznych-tworzy-Polska-Platforme-Medyczna,180156,9.html\" target=\"_blank\" rel=\"noopener\">https:\/\/www.rynekzdrowia.pl\/Nauka\/Kilka-uczelni-medycznych-tworzy-Polska-Platforme-Medyczna,180156,9.html<\/a><\/li>\n<li>\u00a0<a href=\"https:\/\/www.umb.edu.pl\/aktualnosci\/23156,Dziala_juz_Polska_Platforma_Medyczna\" target=\"_blank\" rel=\"noopener\">https:\/\/www.umb.edu.pl\/aktualnosci\/23156,Dziala_juz_Polska_Platforma_Medyczna<\/a><\/li>\n<li><a href=\"https:\/\/www.wrotapodlasia.pl\/pl\/edukacja\/edukacja_nauka\/dziala-juz-polska-platforma-medyczna-kliknij-sobie-w-nauke.html\" target=\"_blank\" rel=\"noopener\">https:\/\/www.wrotapodlasia.pl\/pl\/edukacja\/edukacja_nauka\/dziala-juz-polska-platforma-medyczna-kliknij-sobie-w-nauke.html<\/a><\/li>\n<li><a href=\"https:\/\/bia24.pl\/kategorie\/wiadomoci\/bia%C5%82ostocki-uniwersytet-medyczny-na-polskiej-platformie-medycznej.html\" target=\"_blank\" rel=\"noopener\">https:\/\/bia24.pl\/kategorie\/wiadomoci\/bia%C5%82ostocki-uniwersytet-medyczny-na-polskiej-platformie-medycznej.html<\/a><\/li>\n<li><a href=\"https:\/\/www.umb.edu.pl\/aktualnosci(6)\/najnowsze_wiadomosci\/otworz_sie_na_nauke_\" target=\"_blank\" rel=\"noopener\">https:\/\/www.umb.edu.pl\/aktualnosci(6)\/najnowsze_wiadomosci\/otworz_sie_na_nauke_<\/a><\/li>\n<\/ol>\n<p>&nbsp;<\/p>\n<p>&nbsp;<\/p>\n<p>Rok 2020<\/p>\n<ol>\n<li>https:\/\/innowacje.newseria.pl\/biuro-prasowe\/nauka\/nauka-na-jedno-klikniecie,b991557989<\/li>\n<li><a href=\"https:\/\/www.infodent24.pl\/edudentpost\/polska-platforma-medyczna-wiedza-takze-w-zakresie-stomatologii,116916.html\">https:\/\/www.infodent24.pl\/edudentpost\/polska-platforma-medyczna-wiedza-takze-w-zakresie-stomatologii,116916.html<\/a><\/li>\n<li><a href=\"https:\/\/bialystok.tvp.pl\/51393317\/polska-platforma-medyczna-dostepna-w-internecie\">https:\/\/bialystok.tvp.pl\/51393317\/polska-platforma-medyczna-dostepna-w-internecie<\/a><\/li>\n<li><a href=\"https:\/\/pulsmedycyny.pl\/dokonania-uczelni-medycznych-beda-dostepne-na-jednej-platformie-979792\">https:\/\/pulsmedycyny.pl\/dokonania-uczelni-medycznych-beda-dostepne-na-jednej-platformie-979792<\/a><\/li>\n<li><a href=\"http:\/\/polishscience.pl\/pl\/uczelnie-medyczne-tworza-polska-platforme-medyczna\/\">http:\/\/polishscience.pl\/pl\/uczelnie-medyczne-tworza-polska-platforme-medyczna\/<\/a><\/li>\n<li><a href=\"https:\/\/www.sztucznainteligencja.org.pl\/polska-platforma-dla-medyka\/\">https:\/\/www.sztucznainteligencja.org.pl\/polska-platforma-dla-medyka\/<\/a><\/li>\n<li><a href=\"https:\/\/www.tvp.info\/46228750\/w-polsce-powstaje-medyczna-platforma-informacyjna\">https:\/\/www.tvp.info\/46228750\/w-polsce-powstaje-medyczna-platforma-informacyjna<\/a><\/li>\n<li><a href=\"http:\/\/www.infodent24.pl\/edudentpost\/osiagniecia-naukowej-stomatologii-na-jednej-platformie,113674.html\">http:\/\/www.infodent24.pl\/edudentpost\/osiagniecia-naukowej-stomatologii-na-jednej-platformie,113674.html<\/a><\/li>\n<li><a href=\"https:\/\/www.computerworld.pl\/news\/W-Polsce-powstaje-nowatorska-platforma-medyczna,418064.html\">https:\/\/www.computerworld.pl\/news\/W-Polsce-powstaje-nowatorska-platforma-medyczna,418064.html<\/a><\/li>\n<li><a href=\"https:\/\/www.biuletyn.pw.edu.pl\/Wspolpraca-uczelni\/Pierwsza-na-swiecie-platforma-medyczna-powstaje-w-Polsce\">https:\/\/www.biuletyn.pw.edu.pl\/Wspolpraca-uczelni\/Pierwsza-na-swiecie-platforma-medyczna-powstaje-w-Polsce<\/a><\/li>\n<li><a href=\"https:\/\/www.atest.com.pl\/info,new?&amp;id2=1579513748https:\/\/mamstartup.pl\/powstaje-polska-platforma-medyczna\">https:\/\/www.atest.com.pl\/info,new?&amp;id2=1579513748https:\/\/mamstartup.pl\/powstaje-polska-platforma-medyczna<\/a><\/li>\n<li><a href=\"https:\/\/www.pw.edu.pl\/Aktualnosci\/Pierwsza-na-swiecie-platforma-medyczna-powstaje-w-Polsce\">https:\/\/www.pw.edu.pl\/Aktualnosci\/Pierwsza-na-swiecie-platforma-medyczna-powstaje-w-Polsce<\/a><\/li>\n<li><a href=\"https:\/\/biotechnologia.pl\/technologie\/pierwsza-na-swiecie-platforma-medyczna-powstaje-w-polsce,19324\">https:\/\/biotechnologia.pl\/technologie\/pierwsza-na-swiecie-platforma-medyczna-powstaje-w-polsce,19324<\/a><\/li>\n<li><a href=\"https:\/\/forumakademickie.pl\/news\/powstaje-polska-platforma-medyczna\/\">https:\/\/forumakademickie.pl\/news\/powstaje-polska-platforma-medyczna\/<\/a><\/li>\n<li><a href=\"https:\/\/mamstartup.pl\/powstaje-polska-platforma-medyczna\">https:\/\/mamstartup.pl\/powstaje-polska-platforma-medyczna<\/a><\/li>\n<li><a href=\"https:\/\/www.hhmglobal.com\/industry-updates\/press-releases\/the-worlds-first-rims-medical-platform-is-being-created-in-poland\">https:\/\/www.hhmglobal.com\/industry-updates\/press-releases\/the-worlds-first-rims-medical-platform-is-being-created-in-poland<\/a><\/li>\n<li><a href=\"https:\/\/www.computerworld.pl\/news\/W-Polsce-powstaje-nowatorska-platforma-medyczna,418064.html\" target=\"_blank\" rel=\"noopener\">https:\/\/www.computerworld.pl\/news\/W-Polsce-powstaje-nowatorska-platforma-medyczna,418064.html<\/a><\/li>\n<li><a href=\"https:\/\/dlaszpitali.pl\/nowosci-z-branzy\/pierwsza-na-swiecie-platforma-medyczna-powstaje-w-polsce\/\" target=\"_blank\" rel=\"noopener\">https:\/\/dlaszpitali.pl\/nowosci-z-branzy\/pierwsza-na-swiecie-platforma-medyczna-powstaje-w-polsce\/<\/a><\/li>\n<li><a href=\"https:\/\/mamstartup.pl\/powstaje-polska-platforma-medyczna\" target=\"_blank\" rel=\"noopener\">https:\/\/mamstartup.pl\/powstaje-polska-platforma-medyczna<\/a><\/li>\n<li><a href=\"https:\/\/www.tvp.info\/46228750\/w-polsce-powstaje-medyczna-platforma-informacyjna\">https:\/\/www.tvp.info\/46228750\/w-polsce-powstaje-medyczna-platforma-informacyjna<\/a><\/li>\n<li><a href=\"https:\/\/www.cyfrowyszpital.pl\/polska-platforma-medyczna-innowacyjny-portal-zarzadzania-wiedza-i-potencjalem-badawczym\/\">https:\/\/www.cyfrowyszpital.pl\/polska-platforma-medyczna-innowacyjny-portal-zarzadzania-wiedza-i-potencjalem-badawczym\/<\/a><\/li>\n<\/ol>\n<p>&nbsp;<\/p>\n<p>&nbsp;<\/p>\n<p>2018-2019<\/p>\n<ol>\n<li><a href=\"https:\/\/www.umb.edu.pl\/aktualnosci(6)\/najnowsze_wiadomosci\/powstaje_polska_platforma_medyczna\">https:\/\/www.umb.edu.pl\/aktualnosci(6)\/najnowsze_wiadomosci\/powstaje_polska_platforma_medyczna<\/a><\/li>\n<li><a href=\"http:\/\/www.pulshr.pl\/rynek-zdrowia\/powstaje-polska-platforma-medyczna,50014.html\">http:\/\/www.pulshr.pl\/rynek-zdrowia\/powstaje-polska-platforma-medyczna,50014.html<\/a><\/li>\n<li><a href=\"http:\/\/dentonet.pl\/powstaje-polska-platforma-medyczna\/\">http:\/\/dentonet.pl\/powstaje-polska-platforma-medyczna\/<\/a><\/li>\n<li><a href=\"http:\/\/www.oilwaw.org.pl\/?p=32766\/\">http:\/\/www.oilwaw.org.pl\/?p=32766\/<\/a><\/li>\n<li><a href=\"http:\/\/bialystok.wyborcza.pl\/bialystok\/7,35241,22889391,powstaje-polska-platformamedyczna-z-calym-dorobkiem-naukowcow.html\">http:\/\/bialystok.wyborcza.pl\/bialystok\/7,35241,22889391,powstaje-polska-platformamedyczna-z-calym-dorobkiem-naukowcow.html<\/a><\/li>\n<li><a href=\"http:\/\/oddechzycia.pl\/aktualnosci\/powstaje-polska-platforma-medyczna\/\">http:\/\/oddechzycia.pl\/aktualnosci\/powstaje-polska-platforma-medyczna\/<\/a><\/li>\n<li><a href=\"https:\/\/m.radiogdansk.pl\/wiadomosci\/item\/69137-gumed-buduje-polska-platforme-medycznato-wspolny-projekt-osmiu-placowek-naukowych\/69137-gumed-buduje-polska-platformemedyczna-to-wspolny-projekt-osmiu-placowek-naukowych\">https:\/\/m.radiogdansk.pl\/wiadomosci\/item\/69137-gumed-buduje-polska-platforme-medycznato-wspolny-projekt-osmiu-placowek-naukowych\/69137-gumed-buduje-polska-platformemedyczna-to-wspolny-projekt-osmiu-placowek-naukowych<\/a><\/li>\n<li><a href=\"http:\/\/www.mp.pl\/kurier\/178853,7-uczelni-tworzy-polska-platforme-medyczna\">http:\/\/www.mp.pl\/kurier\/178853,7-uczelni-tworzy-polska-platforme-medyczna<\/a><\/li>\n<li><a href=\"http:\/\/opm.elamed.pl\/material%5b40093\">http:\/\/opm.elamed.pl\/material[40093<\/a>]<\/li>\n<li><a href=\"https:\/\/onkologia.esculap.com\/news\/151103\/Kilka_uczelni_medycznych_tworzy_Polsk\u0105_Plat form\u0119_Medyczn\u0105\">https:\/\/onkologia.esculap.com\/news\/151103\/Kilka_uczelni_medycznych_tworzy_Polsk\u0105_Plat form\u0119_Medyczn\u0105<\/a><\/li>\n<li><a href=\"http:\/\/www.farmacjapraktyczna.pl\/2018\/01\/uczelnie-tworza-polska-platforme-medyczna\">http:\/\/www.farmacjapraktyczna.pl\/2018\/01\/uczelnie-tworza-polska-platforme-medyczna<\/a><\/li>\n<li><a href=\"https:\/\/lodz.onet.pl\/siedem-uczelni-medycznych-tworzy-platforme-by-w-praktycewykorzystac-dorobek-naukowy\/mrdm2yb\">https:\/\/lodz.onet.pl\/siedem-uczelni-medycznych-tworzy-platforme-by-w-praktycewykorzystac-dorobek-naukowy\/mrdm2yb<\/a><\/li>\n<li><a href=\"https:\/\/infoplanet.pl\/pl\/news\/portal\/polska\/wydarzenia\/polska-powstaje-polska-platforma-medyczna\/\">https:\/\/infoplanet.pl\/pl\/news\/portal\/polska\/wydarzenia\/polska-powstaje-polska-platforma-medyczna\/<\/a><\/li>\n<li><a href=\"https:\/\/www.umb.edu.pl\/aktualnosci(6)\/najnowsze_wiadomosci\/powstaje_polska_platforma_medyczna\">\u00a0https:\/\/www.umb.edu.pl\/aktualnosci(6)\/najnowsze_wiadomosci\/powstaje_polska_platforma_medyczna<\/a><\/li>\n<li><a href=\"http:\/\/www.ebib.pl\/?p=9503\">http:\/\/www.ebib.pl\/?p=9503<\/a><\/li>\n<li><a href=\"http:\/\/biotechnologia.pl\/technologie\/kilka-uczelni-medycznych-tworzy-polska-platformemedyczna,17643\">http:\/\/biotechnologia.pl\/technologie\/kilka-uczelni-medycznych-tworzy-polska-platformemedyczna,17643<\/a><\/li>\n<li><a href=\"http:\/\/www.portaldentystyczny.pl\/lekarz\/aktualnosci\/art2596,powstaje-polska-platformamedyczna.html\">http:\/\/www.portaldentystyczny.pl\/lekarz\/aktualnosci\/art2596,powstaje-polska-platformamedyczna.html<\/a><\/li>\n<li><a href=\"http:\/\/www.imp.lodz.pl\/home_pl\/news0\/&amp;a=30610\">http:\/\/www.imp.lodz.pl\/home_pl\/news0\/&amp;a=30610<\/a><\/li>\n<li><a href=\"https:\/\/biblioteka.wum.edu.pl\/node\/893\">https:\/\/biblioteka.wum.edu.pl\/node\/8593<\/a><\/li>\n<li><a href=\"https:\/\/www.facebook.com\/BGWUM\/photos\/a.219904704840759.1073741830.219107578253805\/1222644127900140\/?type=3&amp;theater\">https:\/\/www.facebook.com\/BGWUM\/photos\/a.219904704840759.1073741830.219107578253805\/1222644127900140\/?type=3&amp;theater<\/a><\/li>\n<li><a href=\"http:\/\/www.radio.bialystok.pl\/wiadomosci\/index\/id\/151141\">http:\/\/www.radio.bialystok.pl\/wiadomosci\/index\/id\/151141<\/a><\/li>\n<li><a href=\"https:\/\/niezbednikchemika.wordpress.com\/2018\/01\/18\/biotechnologia-medyczna-nowy-kierunek-rozwoju-nauki\/\">https:\/\/niezbednikchemika.wordpress.com\/2018\/01\/18\/biotechnologia-medyczna-nowy-kierunek-rozwoju-nauki\/<\/a><\/li>\n<li><a href=\"http:\/\/gazetalekarska.pl\/?p=39016\">http:\/\/gazetalekarska.pl\/?p=39016<\/a><\/li>\n<li><a href=\"https:\/\/plus.poranny.pl\/platforma-internetowa-umb-to-pomysl-wart-37-mln-zlotych-dla-naukowcow-i-nie-tylko\/ar\/12851784\">https:\/\/plus.poranny.pl\/platforma-internetowa-umb-to-pomysl-wart-37-mln-zlotych-dla-naukowcow-i-nie-tylko\/ar\/12851784<\/a><\/li>\n<li><a href=\"https:\/\/www.wroclaw.pl\/powstaje-polska-platforma-medyczna-lepszy-kontakt-nauki-i-biznesu\">https:\/\/www.wroclaw.pl\/powstaje-polska-platforma-medyczna-lepszy-kontakt-nauki-i-biznesu<\/a><\/li>\n<\/ol>\n<p>&nbsp;<\/p>\n<h3>Prasa drukowana<\/h3>\n<ol>\n<li>Polska Platforma Medyczna: portal zarz\u0105dzania wiedz\u0105 i potencja\u0142em badawczym. \u00a0Biuletyn Informacyjny PUM. 2017, 3(97), str. 44.<\/li>\n<li>Budek D.: <em>Powstanie Polska Platforma Medyczna.<\/em> Biuletyn Informacyjny PUM. 2017, 4(98), str. 22<\/li>\n<li>Jak zarz\u0105dza\u0107 wiedz\u0105. PUM na platformie. Kurier Szczeci\u0144ski. 17 stycznia 2018 (12), str. 7.<\/li>\n<li><em>Polska Platforma Medyczna<\/em>. Medycyna Dydaktyka Wychowanie. 2018, 50(2), str. 12<\/li>\n<li>Sawczenko A.: <em>Pomys\u0142 wart 37 mln z\u0142otych. Dla naukowc\u00f3w i nie tylko. <\/em>Kurier Poranny<em>. <\/em>2018, 11, str. 1,5;<\/li>\n<li><em> Nasi na platformie medycznej.<\/em> Dziennik Wschodni. 2018, 24(17), str. 1<\/li>\n<li>Grygorowicz A.: <em>Biblioteka G\u0142\u00f3wna buduje Polsk\u0105 Platform\u0119 Medyczn\u0105. <\/em>Gazeta AMG. 2018 5(329), str. 15<\/li>\n<li><em>ORCID- uniwersalny identyfikator naukowca<\/em>. Gazeta Uczelniana Uniwersytetu Medycznego im.<br \/>\nPiast\u00f3w \u015al\u0105skich we Wroc\u0142awiu. 2018, 1 (238), s. 31-32<\/li>\n<li><span class=\"multiseek-element\">\u015aniechowska-Karpi\u0144ska A., Birska R.: &#8220;Polityka otwarto\u015bci Polskiej Platformy Medycznej&#8221; jako realizacja zalece\u0144 ministerialnych. Alma Mater 2018 R. 28 nr 4 s. 56-61.<\/span><\/li>\n<li>Budek D: Polityka otwarto\u015bci Polskiej Platformy Medycznej. Biuletyn Informacyjny PUM. 2018, 4(102), 31.<\/li>\n<li>Nowocie\u0144 T., Rogowska E.: Data Management Plan (DMP) \u2013 co trzeba o nim wiedzie\u0107. Biuletyn Informacyjny PUM. 2019, 1(103), 22-24.<\/li>\n<li>Zesp\u00f3\u0142 projektowy PPM. (2018). Ruszy\u0142 projekt \u2018Polska Platforma Medyczna: Portal zarz\u0105dzania wiedz\u0105 i potencja\u0142em badawczym\u2019. Gazeta Uczelniana, 2(239), 23. https:\/\/www.umed.wroc.pl\/gazeta_uczelniana\/2018\/index.html?file=239.pdf<\/li>\n<li>Bazan, D. (2019). Repozytorium Polskiej Platformy Medycznej. Gazeta Uczelniana, 8(256), 26. https:\/\/www.umed.wroc.pl\/gazeta_uczelniana\/2019\/index.html?file=256.pdf<\/li>\n<li>Biblioteka Uniwersytetu Medycznego we Wroc\u0142awiu. (2019). Dzi\u0119kujemy za udzia\u0142 w ankiecie. Gazeta Uczelniana, 4(252), 27. https:\/\/www.umed.wroc.pl\/gazeta_uczelniana\/2019\/index.html?file=252.pdf<\/li>\n<li>Zawada, J. (2019). Projekt \u201ePolska Platforma Medyczna\u201d ma ju\u017c stron\u0119 internetow\u0105! Gazeta Uczelniana, 6(254), 47\u201348. https:\/\/www.umed.wroc.pl\/gazeta_uczelniana\/2019\/index.html?file=254.pdf<\/li>\n<li>Kol\u0119da, M. (2019). Otwarty dost\u0119p: Wprowadzenie \u2018Polityki Otwarto\u015bci Polskiej Platformy Medycznej\u2019 na Uniwersytecie Medycznym we Wroc\u0142awiu. Gazeta Uczelniana, 1(249), 32\u201334. https:\/\/www.umed.wroc.pl\/gazeta_uczelniana\/2019\/index.html?file=249.pdf<\/li>\n<li>Kol\u0119da, M. (2020). SHERPA RoMEO &#8211; w stron\u0119 otwarto\u015bci czasopism naukowych. Gazeta Uczelniana, 6(265), 16\u201318. https:\/\/www.umed.wroc.pl\/gazeta_uczelniana\/2020\/index.html?file=265.pdf<\/li>\n<li>Zawada, J. (2020). Polska Platforma Medyczna &#8211; szkolenia on-line. Gazeta Uczelniana, 8(267), 38\u201339. https:\/\/www.umed.wroc.pl\/gazeta_uczelniana\/2020\/index.html?file=267.pdf<\/li>\n<li>Przy\u0142uska, J. (2020). Polska Platforma Medyczna \u2013 zasady otwartego dost\u0119pu do publikacji i danych badawczych. Gazeta Uczelniana, 6 (265), 4\u20135. https:\/\/www.umed.wroc.pl\/gazeta_uczelniana\/2020\/index.html?file=265.pdf<\/li>\n<li>Grzywacz, K. (2020). Od otwartej nauki przez wsp\u00f3lne dane do otwartych innowacji. Gazeta Uczelniana, 6 (265), 1\u20133. https:\/\/www.umed.wroc.pl\/gazeta_uczelniana\/2020\/index.html?file=265.pdf<\/li>\n<li>S\u0142awi\u0144ska, R. (2020). 31 sierpnia rusza uczelniany CRIS i repozytorium. Gazeta Uczelniana, 6(265), 21\u201322. https:\/\/www.umed.wroc.pl\/gazeta_uczelniana\/2020\/index.html?file=265.pdf<\/li>\n<li>Zawada, J. (2020). Polska Platforma Medyczna &#8211; profile naukowc\u00f3w. Gazeta Uczelniana, 8(267), 38\u201339. https:\/\/www.umed.wroc.pl\/gazeta_uczelniana\/2020\/index.html?file=267.pdf<\/li>\n<li>Obuchowicz, P., &amp; Olczyk, M. (2020). Standard WCAG, czyli zwi\u0119kszenie dost\u0119pno\u015bci cyfrowej tre\u015bci w ramach repozytorium PPM. Gazeta Uczelniana, 6(265), 19\u201320. https:\/\/www.umed.wroc.pl\/gazeta_uczelniana\/2020\/index.html?file=265.pdf<\/li>\n<li>Dane badawcze w pigu\u0142ce &#8211; poradnik dla naukowc\u00f3w. (2020). Gazeta Uczelniana, 6(265), 6\u201311. https:\/\/www.umed.wroc.pl\/gazeta_uczelniana\/2020\/index.html?file=265.pdf<\/li>\n<li>Zawada, J. (2020). Otw\u00f3rz si\u0119 na wiedz\u0119: otwarte repozytoria. Gazeta Uczelniana, 6(265), 12\u201315. https:\/\/www.umed.wroc.pl\/gazeta_uczelniana\/2020\/index.html?file=265.pdf<\/li>\n<li>Zawada, J. (2020). Polska Platforma Medyczna. Gazeta Uczelniana, 4(263), 24\u201325. https:\/\/www.umed.wroc.pl\/gazeta_uczelniana\/2020\/index.html?file=260.pdf<\/li>\n<li>Polska Platforma Medyczna &#8211; w decyduj\u0105cej fazie. (2020). Gazeta Uczelniana, 1(260), 35. https:\/\/www.umed.wroc.pl\/gazeta_uczelniana\/2020\/index.html?file=260.pdf<\/li>\n<li>Sidorska, D. (2021). Deponowanie danych badawczych z wykorzystaniem Polskiej Platformy Medycznej. Gazeta Uczelniana, 3(271), 19. https:\/\/www.umed.wroc.pl\/gazeta_uczelniana\/2021\/index.html?file=271.pdf<\/li>\n<li>S\u0142awi\u0144ska, R. (2021). Zasoby uczelni medycznych i IMP na platformie centralnej PPM. Gazeta Uczelniana, 2(270), 28. https:\/\/www.umed.wroc.pl\/gazeta_uczelniana\/2021\/index.html?file=269_www.pdf<\/li>\n<li>ORCID na Polskiej Platformie Medycznej. (2021). Gazeta Uczelniana, 1(269), 42. https:\/\/www.umed.wroc.pl\/gazeta_uczelniana\/2021\/index.html?file=269_www.pdf<\/li>\n<li>Bazan D., Zawada J. (2021). Poznaj system PPM. Cz\u0119\u015b\u0107 1: zasoby nauki. Gazeta Uczelniana, 5(273), 34-35. https:\/\/www.umed.wroc.pl\/gazeta_uczelniana\/2021\/index.html?file=273_www.pdf<\/li>\n<\/ol>\n","protected":false},"excerpt":{"rendered":"<p>MEDIA O NAS \u00a0 Internetowe serwisy informacyjne Rok 2021 https:\/\/innowacje.newseria.pl\/biuro-prasowe\/nauka\/nauka-na-jedno-klikniecie,b991557989 https:\/\/naukawpolsce.pap.pl\/aktualnosci\/news%2C86039%2Cponad-220-tys-artykulow-naukowych-w-polskiej-platformie-medycznej-ktora http:\/\/nauka.pap.pl\/palio\/html.run?_Instance=cms_nauka.pap.pl&amp;_PageID=11&amp;s=depesza&amp;dz=&amp;dep=355670&amp;kat=NAUKA&amp;_CheckSum=-1941410937 https:\/\/www.tal-com.com\/pl\/technologie\/nowa-platforma-medyczna-ktora-stworzylo-kilka-uczelni http:\/\/www.jaknapisac.com\/ponad-220-tys-artykulow-naukowych-w-polskiej-platformie-medycznej-ktora-stworzylo-kilka-uczelni\/ https:\/\/www.rynekzdrowia.pl\/Nauka\/Kilka-uczelni-medycznych-tworzy-Polska-Platforme-Medyczna,180156,9.html \u00a0https:\/\/www.umb.edu.pl\/aktualnosci\/23156,Dziala_juz_Polska_Platforma_Medyczna https:\/\/www.wrotapodlasia.pl\/pl\/edukacja\/edukacja_nauka\/dziala-juz-polska-platforma-medyczna-kliknij-sobie-w-nauke.html https:\/\/bia24.pl\/kategorie\/wiadomoci\/bia%C5%82ostocki-uniwersytet-medyczny-na-polskiej-platformie-medycznej.html https:\/\/www.umb.edu.pl\/aktualnosci(6)\/najnowsze_wiadomosci\/otworz_sie_na_nauke_ &nbsp; &nbsp; Rok 2020 https:\/\/innowacje.newseria.pl\/biuro-prasowe\/nauka\/nauka-na-jedno-klikniecie,b991557989 https:\/\/www.infodent24.pl\/edudentpost\/polska-platforma-medyczna-wiedza-takze-w-zakresie-stomatologii,116916.html https:\/\/bialystok.tvp.pl\/51393317\/polska-platforma-medyczna-dostepna-w-internecie https:\/\/pulsmedycyny.pl\/dokonania-uczelni-medycznych-beda-dostepne-na-jednej-platformie-979792 http:\/\/polishscience.pl\/pl\/uczelnie-medyczne-tworza-polska-platforme-medyczna\/ https:\/\/www.sztucznainteligencja.org.pl\/polska-platforma-dla-medyka\/ https:\/\/www.tvp.info\/46228750\/w-polsce-powstaje-medyczna-platforma-informacyjna http:\/\/www.infodent24.pl\/edudentpost\/osiagniecia-naukowej-stomatologii-na-jednej-platformie,113674.html https:\/\/www.computerworld.pl\/news\/W-Polsce-powstaje-nowatorska-platforma-medyczna,418064.html https:\/\/www.biuletyn.pw.edu.pl\/Wspolpraca-uczelni\/Pierwsza-na-swiecie-platforma-medyczna-powstaje-w-Polsce https:\/\/www.atest.com.pl\/info,new?&amp;id2=1579513748https:\/\/mamstartup.pl\/powstaje-polska-platforma-medyczna https:\/\/www.pw.edu.pl\/Aktualnosci\/Pierwsza-na-swiecie-platforma-medyczna-powstaje-w-Polsce https:\/\/biotechnologia.pl\/technologie\/pierwsza-na-swiecie-platforma-medyczna-powstaje-w-polsce,19324 https:\/\/forumakademickie.pl\/news\/powstaje-polska-platforma-medyczna\/ https:\/\/mamstartup.pl\/powstaje-polska-platforma-medyczna https:\/\/www.hhmglobal.com\/industry-updates\/press-releases\/the-worlds-first-rims-medical-platform-is-being-created-in-poland https:\/\/www.computerworld.pl\/news\/W-Polsce-powstaje-nowatorska-platforma-medyczna,418064.html https:\/\/dlaszpitali.pl\/nowosci-z-branzy\/pierwsza-na-swiecie-platforma-medyczna-powstaje-w-polsce\/ https:\/\/mamstartup.pl\/powstaje-polska-platforma-medyczna https:\/\/www.tvp.info\/46228750\/w-polsce-powstaje-medyczna-platforma-informacyjna https:\/\/www.cyfrowyszpital.pl\/polska-platforma-medyczna-innowacyjny-portal-zarzadzania-wiedza-i-potencjalem-badawczym\/ &nbsp; &nbsp; 2018-2019 https:\/\/www.umb.edu.pl\/aktualnosci(6)\/najnowsze_wiadomosci\/powstaje_polska_platforma_medyczna http:\/\/www.pulshr.pl\/rynek-zdrowia\/powstaje-polska-platforma-medyczna,50014.html http:\/\/dentonet.pl\/powstaje-polska-platforma-medyczna\/ http:\/\/www.oilwaw.org.pl\/?p=32766\/ http:\/\/bialystok.wyborcza.pl\/bialystok\/7,35241,22889391,powstaje-polska-platformamedyczna-z-calym-dorobkiem-naukowcow.html http:\/\/oddechzycia.pl\/aktualnosci\/powstaje-polska-platforma-medyczna\/ https:\/\/m.radiogdansk.pl\/wiadomosci\/item\/69137-gumed-buduje-polska-platforme-medycznato-wspolny-projekt-osmiu-placowek-naukowych\/69137-gumed-buduje-polska-platformemedyczna-to-wspolny-projekt-osmiu-placowek-naukowych http:\/\/www.mp.pl\/kurier\/178853,7-uczelni-tworzy-polska-platforme-medyczna&hellip; <a class=\"continue\" href=\"https:\/\/projekt.ppm.edu.pl\/index.php\/o-projekcie\/media-o-nas\/\">Czytaj dalej: <span> Media o nas<\/span><\/a><\/p>\n","protected":false},"author":1,"featured_media":283,"parent":9,"menu_order":0,"comment_status":"closed","ping_status":"closed","template":"page-col.php","meta":{"footnotes":""},"class_list":["post-213","page","type-page","status-publish","has-post-thumbnail","hentry"],"_links":{"self":[{"href":"https:\/\/projekt.ppm.edu.pl\/index.php\/wp-json\/wp\/v2\/pages\/213","targetHints":{"allow":["GET"]}}],"collection":[{"href":"https:\/\/projekt.ppm.edu.pl\/index.php\/wp-json\/wp\/v2\/pages"}],"about":[{"href":"https:\/\/projekt.ppm.edu.pl\/index.php\/wp-json\/wp\/v2\/types\/page"}],"author":[{"embeddable":true,"href":"https:\/\/projekt.ppm.edu.pl\/index.php\/wp-json\/wp\/v2\/users\/1"}],"replies":[{"embeddable":true,"href":"https:\/\/projekt.ppm.edu.pl\/index.php\/wp-json\/wp\/v2\/comments?post=213"}],"version-history":[{"count":0,"href":"https:\/\/projekt.ppm.edu.pl\/index.php\/wp-json\/wp\/v2\/pages\/213\/revisions"}],"up":[{"embeddable":true,"href":"https:\/\/projekt.ppm.edu.pl\/index.php\/wp-json\/wp\/v2\/pages\/9"}],"wp:featuredmedia":[{"embeddable":true,"href":"https:\/\/projekt.ppm.edu.pl\/index.php\/wp-json\/wp\/v2\/media\/283"}],"wp:attachment":[{"href":"https:\/\/projekt.ppm.edu.pl\/index.php\/wp-json\/wp\/v2\/media?parent=213"}],"curies":[{"name":"wp","href":"https:\/\/api.w.org\/{rel}","templated":true}]}}