{"id":19,"date":"2018-12-07T20:43:10","date_gmt":"2018-12-07T19:43:10","guid":{"rendered":"http:\/\/nfinity-beta.pl\/platforma-medyczna\/?page_id=19"},"modified":"2018-12-26T19:53:06","modified_gmt":"2018-12-26T18:53:06","slug":"repozytorium","status":"publish","type":"page","link":"https:\/\/projekt.ppm.edu.pl\/index.php\/repozytorium\/","title":{"rendered":"Repozytoria"},"content":{"rendered":"<h2><\/h2>\n<p>&nbsp;<\/p>\n<p>&nbsp;<\/p>\n<p><a href=\"https:\/\/gumed.edu.pl\/\" target=\"_blank\" rel=\"noopener\"><strong>Gda\u0144ski Uniwersytet Medyczny<\/strong><\/a><\/p>\n<p><a href=\"https:\/\/www.wum.edu.pl\/\"><strong>Warszawski Uniwersytet Medyczny<\/strong><\/a><\/p>\n<p><a href=\"https:\/\/www.umed.wroc.pl\/\" target=\"_blank\" rel=\"noopener\"><strong>Uniwersytet Medyczny we Wroc\u0142awiu<\/strong><\/a><\/p>\n<p><a href=\"https:\/\/www.pum.edu.pl\/\" target=\"_blank\" rel=\"noopener\"><strong>Pomorski Uniwersytet Medyczny w Szczecinie<\/strong><\/a><\/p>\n<p><a href=\"http:\/\/www.imp.lodz.pl\/\" target=\"_blank\" rel=\"noopener\"><strong>Instytut Medycyny Pracy w \u0141odzi<\/strong><\/a><\/p>\n<p><a href=\"https:\/\/www.umb.edu.pl\/\" target=\"_blank\" rel=\"noopener\"><strong>Uniwersytet Medyczny w Bia\u0142ymstoku<\/strong><\/a><\/p>\n<p><a href=\"https:\/\/www.umlub.pl\/\" target=\"_blank\" rel=\"noopener\"><strong>Uniwersytet Medyczny w Lublinie<\/strong><\/a><\/p>\n<p><a href=\"https:\/\/sum.edu.pl\/\" target=\"_blank\" rel=\"noopener\"><strong>\u015al\u0105ski Uniwersytet Medyczny w Katowicach<\/strong><\/a><\/p>\n","protected":false},"excerpt":{"rendered":"<p>&nbsp; &nbsp; Gda\u0144ski Uniwersytet Medyczny Warszawski Uniwersytet Medyczny Uniwersytet Medyczny we Wroc\u0142awiu Pomorski Uniwersytet Medyczny w Szczecinie Instytut Medycyny Pracy w \u0141odzi Uniwersytet Medyczny w Bia\u0142ymstoku Uniwersytet Medyczny w Lublinie \u015al\u0105ski Uniwersytet Medyczny w Katowicach<\/p>\n","protected":false},"author":1,"featured_media":185,"parent":0,"menu_order":0,"comment_status":"closed","ping_status":"closed","template":"page-col.php","meta":{"footnotes":""},"class_list":["post-19","page","type-page","status-publish","has-post-thumbnail","hentry"],"_links":{"self":[{"href":"https:\/\/projekt.ppm.edu.pl\/index.php\/wp-json\/wp\/v2\/pages\/19","targetHints":{"allow":["GET"]}}],"collection":[{"href":"https:\/\/projekt.ppm.edu.pl\/index.php\/wp-json\/wp\/v2\/pages"}],"about":[{"href":"https:\/\/projekt.ppm.edu.pl\/index.php\/wp-json\/wp\/v2\/types\/page"}],"author":[{"embeddable":true,"href":"https:\/\/projekt.ppm.edu.pl\/index.php\/wp-json\/wp\/v2\/users\/1"}],"replies":[{"embeddable":true,"href":"https:\/\/projekt.ppm.edu.pl\/index.php\/wp-json\/wp\/v2\/comments?post=19"}],"version-history":[{"count":0,"href":"https:\/\/projekt.ppm.edu.pl\/index.php\/wp-json\/wp\/v2\/pages\/19\/revisions"}],"wp:featuredmedia":[{"embeddable":true,"href":"https:\/\/projekt.ppm.edu.pl\/index.php\/wp-json\/wp\/v2\/media\/185"}],"wp:attachment":[{"href":"https:\/\/projekt.ppm.edu.pl\/index.php\/wp-json\/wp\/v2\/media?parent=19"}],"curies":[{"name":"wp","href":"https:\/\/api.w.org\/{rel}","templated":true}]}}