{"id":13,"date":"2018-12-07T20:42:27","date_gmt":"2018-12-07T19:42:27","guid":{"rendered":"http:\/\/nfinity-beta.pl\/platforma-medyczna\/?page_id=13"},"modified":"2018-12-16T00:09:07","modified_gmt":"2018-12-15T23:09:07","slug":"otwartosc-w-nauce","status":"publish","type":"page","link":"https:\/\/projekt.ppm.edu.pl\/index.php\/otwartosc-w-nauce\/","title":{"rendered":"Otwarto\u015b\u0107 w nauce"},"content":{"rendered":"<h2>Polityka otwarto\u015bci PPM<\/h2>\n<p>&nbsp;<\/p>\n<p>W ramach zadania 3 (dzia\u0142anie 3.1) zesp\u00f3\u0142 ds. polityki otwarto\u015bci wypracowa\u0142 jednolity tekst polityki w zakresie otwartego dost\u0119pu do publikacji i wynik\u00f3w bada\u0144 naukowych. Zosta\u0142 on zatwierdzony i wdro\u017cony u wszystkich partner\u00f3w projektu.<\/p>\n<p>W okresie od listopada 2017 do pa\u017adziernika 2018 zesp\u00f3\u0142 zadaniowy wypracowa\u0142 tekst oraz \u015bcie\u017cki doj\u015bcia wsp\u00f3lnej polityki otwartego dost\u0119pu wraz regulaminem repozytori\u00f3w lokalnych. Jednolity tekst polityki otwarto\u015bci zosta\u0142 poparty analiz\u0105 prawn\u0105 w jednostkach i jest zgodny z definicj\u0105 polityki otwartego dost\u0119pu rekomendowan\u0105 przez MNiSW.<\/p>\n<p>Dzia\u0142anie 3.1. ko\u0144czy si\u0119 kamieniem milowym i warunkuje realizacj\u0119 kolejnych zada\u0144 zwi\u0105zanych z wprowadzaniem danych do systemu.\u00a0 W ramach przyj\u0119tego harmonogramu uchwa\u0142ami senat\u00f3w uczelni\/zarz\u0105dzeniem wewn\u0119trznym dyrektora wesz\u0142y w \u017cycie zapisy Polityki Otwartego Dost\u0119pu Polskiej Platformy Medycznej:<\/p>\n","protected":false},"excerpt":{"rendered":"<p>Polityka otwarto\u015bci PPM &nbsp; W ramach zadania 3 (dzia\u0142anie 3.1) zesp\u00f3\u0142 ds. polityki otwarto\u015bci wypracowa\u0142 jednolity tekst polityki w zakresie otwartego dost\u0119pu do publikacji i wynik\u00f3w bada\u0144 naukowych. Zosta\u0142 on zatwierdzony i wdro\u017cony u wszystkich partner\u00f3w projektu. W okresie od listopada 2017 do pa\u017adziernika 2018 zesp\u00f3\u0142 zadaniowy wypracowa\u0142 tekst oraz \u015bcie\u017cki doj\u015bcia wsp\u00f3lnej polityki otwartego&hellip; <a class=\"continue\" href=\"https:\/\/projekt.ppm.edu.pl\/index.php\/otwartosc-w-nauce\/\">Czytaj dalej: <span> Otwarto\u015b\u0107 w nauce<\/span><\/a><\/p>\n","protected":false},"author":1,"featured_media":98,"parent":0,"menu_order":0,"comment_status":"closed","ping_status":"closed","template":"page-otwartosc.php","meta":{"footnotes":""},"class_list":["post-13","page","type-page","status-publish","has-post-thumbnail","hentry"],"_links":{"self":[{"href":"https:\/\/projekt.ppm.edu.pl\/index.php\/wp-json\/wp\/v2\/pages\/13","targetHints":{"allow":["GET"]}}],"collection":[{"href":"https:\/\/projekt.ppm.edu.pl\/index.php\/wp-json\/wp\/v2\/pages"}],"about":[{"href":"https:\/\/projekt.ppm.edu.pl\/index.php\/wp-json\/wp\/v2\/types\/page"}],"author":[{"embeddable":true,"href":"https:\/\/projekt.ppm.edu.pl\/index.php\/wp-json\/wp\/v2\/users\/1"}],"replies":[{"embeddable":true,"href":"https:\/\/projekt.ppm.edu.pl\/index.php\/wp-json\/wp\/v2\/comments?post=13"}],"version-history":[{"count":0,"href":"https:\/\/projekt.ppm.edu.pl\/index.php\/wp-json\/wp\/v2\/pages\/13\/revisions"}],"wp:featuredmedia":[{"embeddable":true,"href":"https:\/\/projekt.ppm.edu.pl\/index.php\/wp-json\/wp\/v2\/media\/98"}],"wp:attachment":[{"href":"https:\/\/projekt.ppm.edu.pl\/index.php\/wp-json\/wp\/v2\/media?parent=13"}],"curies":[{"name":"wp","href":"https:\/\/api.w.org\/{rel}","templated":true}]}}