{"id":1231,"date":"2021-02-26T12:05:29","date_gmt":"2021-02-26T11:05:29","guid":{"rendered":"http:\/\/projekt.ppm.edu.pl\/?page_id=1231"},"modified":"2021-02-26T12:14:17","modified_gmt":"2021-02-26T11:14:17","slug":"przewodnik-o-danych-badawczych","status":"publish","type":"page","link":"https:\/\/projekt.ppm.edu.pl\/index.php\/przewodnik-o-danych-badawczych\/","title":{"rendered":"Poradnik o danych badawczych"},"content":{"rendered":"<p>Polska Platforma Medyczna daje mo\u017cliwo\u015b\u0107 deponowania danych badawczych powstaj\u0105cych w jednostkach Partner\u00f3w Projektu, zgodnie z przyj\u0119t\u0105 Polityk\u0105 Otwarto\u015bci PPM.<\/p>\n<p>Kr\u00f3tki poradnik <a href=\"http:\/\/projekt.ppm.edu.pl\/wp-content\/uploads\/2021\/02\/poradnik__ppm_1-1.pdf\">&#8220;Dane badawcze w pigu\u0142ce&#8221;<\/a>, opracowany przez zesp\u00f3\u0142 PPM, przedstawia wybrane zagadnienia, z kt\u00f3rymi warto si\u0119 zapozna\u0107 przed opracowaniem DMP i udost\u0119pnieniem danych badawczych, informuje jak je przechowywa\u0107 i jak nimi zarz\u0105dza\u0107. <\/p>\n<p>Opracowanie: Zesp\u00f3\u0142 PPM<\/p>\n<p>Data powstania: 27.04.2020 r.<\/p>\n<p>Data ostatniej aktualizacji: 10.07.2020 r.<\/p>\n<p>Poradnik podlega licencji Creative Commons, Uznanie autorstwa 4.0 Mi\u0119dzynarodowe: <a href=\"https:\/\/creativecommons.org\/licenses\/by\/4.0\/deed.pl\">https:\/\/creativecommons.org\/licenses\/by\/4.0\/deed.pl<\/a><\/p>\n","protected":false},"excerpt":{"rendered":"<p>Polska Platforma Medyczna daje mo\u017cliwo\u015b\u0107 deponowania danych badawczych powstaj\u0105cych w jednostkach Partner\u00f3w Projektu, zgodnie z przyj\u0119t\u0105 Polityk\u0105 Otwarto\u015bci PPM. Kr\u00f3tki poradnik &#8220;Dane badawcze w pigu\u0142ce&#8221;, opracowany przez zesp\u00f3\u0142 PPM, przedstawia wybrane zagadnienia, z kt\u00f3rymi warto si\u0119 zapozna\u0107 przed opracowaniem DMP i udost\u0119pnieniem danych badawczych, informuje jak je przechowywa\u0107 i jak nimi zarz\u0105dza\u0107. Opracowanie: Zesp\u00f3\u0142 PPM&hellip; <a class=\"continue\" href=\"https:\/\/projekt.ppm.edu.pl\/index.php\/przewodnik-o-danych-badawczych\/\">Czytaj dalej: <span> Poradnik o danych badawczych<\/span><\/a><\/p>\n","protected":false},"author":4,"featured_media":0,"parent":0,"menu_order":0,"comment_status":"closed","ping_status":"closed","template":"","meta":{"footnotes":""},"class_list":["post-1231","page","type-page","status-publish","hentry"],"_links":{"self":[{"href":"https:\/\/projekt.ppm.edu.pl\/index.php\/wp-json\/wp\/v2\/pages\/1231","targetHints":{"allow":["GET"]}}],"collection":[{"href":"https:\/\/projekt.ppm.edu.pl\/index.php\/wp-json\/wp\/v2\/pages"}],"about":[{"href":"https:\/\/projekt.ppm.edu.pl\/index.php\/wp-json\/wp\/v2\/types\/page"}],"author":[{"embeddable":true,"href":"https:\/\/projekt.ppm.edu.pl\/index.php\/wp-json\/wp\/v2\/users\/4"}],"replies":[{"embeddable":true,"href":"https:\/\/projekt.ppm.edu.pl\/index.php\/wp-json\/wp\/v2\/comments?post=1231"}],"version-history":[{"count":0,"href":"https:\/\/projekt.ppm.edu.pl\/index.php\/wp-json\/wp\/v2\/pages\/1231\/revisions"}],"wp:attachment":[{"href":"https:\/\/projekt.ppm.edu.pl\/index.php\/wp-json\/wp\/v2\/media?parent=1231"}],"curies":[{"name":"wp","href":"https:\/\/api.w.org\/{rel}","templated":true}]}}