{"id":1222,"date":"2021-02-26T11:49:40","date_gmt":"2021-02-26T10:49:40","guid":{"rendered":"http:\/\/projekt.ppm.edu.pl\/?page_id=1222"},"modified":"2021-06-30T13:22:54","modified_gmt":"2021-06-30T11:22:54","slug":"licencje-cc","status":"publish","type":"page","link":"https:\/\/projekt.ppm.edu.pl\/index.php\/licencje-cc\/","title":{"rendered":"Licencje Creative Commons"},"content":{"rendered":"<p>Licencje \u201eCreative Commons\u201d (CC) mo\u017cna stosowa\u0107 w odniesieniu do publikacji wszystkich rodzaj\u00f3w utwor\u00f3w obj\u0119tych ochron\u0105 prawa autorskiego (np. ksi\u0105\u017cki, artyku\u0142y<br \/>\nw czasopismach, strony internetowe, dane badawcze). Licencje CC pozwalaj\u0105 autorom zachowa\u0107 w\u0142asne prawa i jednocze\u015bnie udost\u0119pnia\u0107 swoj\u0105 tw\u00f3rczo\u015b\u0107 zainteresowanym. Licencje Creative Commons dzia\u0142aj\u0105 na zasadzie &#8220;pewne prawa zastrze\u017cone\u201d &#8211; tzn. w\u0142a\u015bciciel praw autorskich upowa\u017cnia u\u017cytkownika do korzystania z jego utworu pod pewnymi warunkami, a granice dozwolonego u\u017cytku s\u0105 szersze i wyra\u017aniejsze ni\u017c te wytyczone na zasadzie \u201cwszelkie prawa zastrze\u017cone\u201d.<\/p>\n<p>Na stronie <a href=\"https:\/\/creativecommons.pl\/\">creativecommons.pl<\/a> znajduje si\u0119 opis poszczeg\u00f3lnych licencji w wersji podstawowej i rozwini\u0119tej oraz formularz umo\u017cliwiaj\u0105cy wyb\u00f3r w\u0142a\u015bciwej licencji. Sk\u0142ada si\u0119 on z trzech cz\u0119\u015bci: przyst\u0119pnego podsumowania, tekstu prawnego oraz kodu HTML, kt\u00f3ry umie\u015bci\u0107 mo\u017cna na stronie internetowej obok zamieszczonego utworu. U\u017cycie licencji CC jest zwolnione z op\u0142at.<\/p>\n<p>&nbsp;<\/p>\n<p>Licencje Creative Commons musz\u0105 spe\u0142nia\u0107 przynajmniej jeden z 4 warunk\u00f3w:<\/p>\n<ul>\n<li>BY &#8211; uznanie autorstwa. Wolno kopiowa\u0107, rozprowadza\u0107, przedstawia\u0107 i wykonywa\u0107 obj\u0119ty prawem autorskim utw\u00f3r oraz opracowane na jego podstawie utwory zale\u017cne pod warunkiem, \u017ce zostanie przywo\u0142ane nazwisko autora pierwowzoru.<\/li>\n<li>NC \u2013 u\u017cycie niekomercyjne. Wolno kopiowa\u0107, rozprowadza\u0107, przedstawia\u0107 i wykonywa\u0107 obj\u0119ty prawem autorskim utw\u00f3r oraz opracowane na jego podstawie utwory zale\u017cne jedynie do cel\u00f3w niekomercyjnych.<\/li>\n<li>SA \u2013 na tych samych warunkach. Wolno rozprowadza\u0107 utwory zale\u017cne jedynie na licencji identycznej do tej, na kt\u00f3rej udost\u0119pniono utw\u00f3r oryginalny.<\/li>\n<li>ND &#8211; bez utwor\u00f3w zale\u017cnych. Wolno kopiowa\u0107, rozprowadza\u0107, przedstawia\u0107 i wykonywa\u0107 utw\u00f3r jedynie w jego oryginalnej postaci \u2013 tworzenie utwor\u00f3w zale\u017cnych jest niedozwolone.<\/li>\n<\/ul>\n<p>&nbsp;<\/p>\n<p>\n\u201cCreative Commons\u201d to 6 wariant\u00f3w licencji. Tylko dwie licencje CC s\u0105 wolne: s\u0105 to CC BY oraz CC BY-SA. Pozosta\u0142e s\u0105 licencjami ograniczaj\u0105cymi prawa u\u017cytkownika (np. brak mo\u017cliwo\u015bci tworzenia utwor\u00f3w zale\u017cnych czy u\u017cycie utworu do cel\u00f3w komercyjnych):<\/p>\n<ul>\n<li>CC BY \u2013 Creative Commons Uznanie autorstwa, wolna licencja;<\/li>\n<li>CC BY-SA \u2013 Creative Commons Uznanie autorstwa-Na tych samych warunkach, wolna licencja;<\/li>\n<li>CC BY-NC \u2013 Creative Commons Uznanie autorstwa-U\u017cycie niekomercyjne;<\/li>\n<li>CC BY-ND \u2013 Creative Commons Uznanie autorstwa-Bez utwor\u00f3w zale\u017cnych;<\/li>\n<li>CC BY-NC-SA \u2013 Creative Commons Uznanie autorstwa-U\u017cycie niekomercyjne-Na tych samych warunkach;<\/li>\n<li>CC BY-NC-ND \u2013 Creative Commons Uznanie autorstwa-U\u017cycie niekomercyjne-Bez utwor\u00f3w zale\u017cnych.<\/li>\n<\/ul>\n<p>&nbsp;<\/p>\n<p><span style=\"font-size: small;\"> Opracowano na podstawie:<\/p>\n<ol>\n<li>creativecommons.pl [strona internetowa, dost\u0119p dn. 16.01.2019 r.].<\/li>\n<li>prawokultury.pl\/kurs\/creative-commons [strona internetowa, dost\u0119p dn. 16.01.2019 r.].<\/li>\n<li>koed.org.pl\/pl\/ [strona internetowa, dost\u0119p dn. 16.01.2019 r.].<\/li>\n<li>sherpa.ac.uk\/romeo\/index.php [strona internetowa, dost\u0119p dn. 16.01.2019 r.].<\/li>\n<li>v2.sherpa.ac.uk\/opendoar\/ [strona internetowa, dost\u0119p dn. 16.01.2019 r.].<\/li>\n<li>roar.eprints.org\/ [strona internetowa, dost\u0119p dn. 16.01.2019 r.].<\/li>\n<li>doaj.org [strona internetowa, dost\u0119p dn. 16.01.2019 r.].<\/li>\n<li>Otwarty dost\u0119p do publikacji naukowych : kwestie prawne [dokument elektroniczny] \/ Krzysztof Siewicz. &#8211; Warszawa : Wydawnictwa Uniwersytetu Warszawskiego, cop. 2012.<\/li>\n<li>Otwarty dost\u0119p [dokument elektroniczny] \/ Peter Suber ; [przek\u0142. Roman Bogacewicz, Maciej Chojnowski, Wojciech Fenrich, Joanna Kielan, Andrzej Le\u015bniak, Krzysztof Siewicz, Micha\u0142 Starczewski, Jakub Szprot]. &#8211; Warszawa : Wydawnictwa Uniwersytetu Warszawskiego, cop. 2014.<\/li>\n<li>Otwarta nauka w Polsce 2014 [dokument elektroniczny] : diagnoza \/ pod redakcj\u0105 Jakuba Szprota ; autorzy Andrzej Le\u015bniak, Michael Morys-Twarowski, Krzysztof Siewicz, Micha\u0142 Starczewski, Lidia St\u0119pi\u0144ska-Ustasiak, Jakub Szprot. &#8211; Warszawa : Wydawnictwa ICM, 2014.<\/li>\n<li>Otwarta nauka: prawo autorskie i wolne licencje [dokument elektroniczny] : broszura powsta\u0142a w ramach szkolenia \u201ePrawo autorskie i wolne licencje w otwartej nauce\u201d, kt\u00f3re odby\u0142o si\u0119 8 i 14 grudnia 2017 roku w Warszawie \/ Ewa Majdecka, Katarzyna Strycharz. \u2013 Warszawa : Centrum Cyfrowe, 2018.<\/li>\n<li>St\u0119pi\u0144ska-Ustasiak L., Open access to research data and scientific publications. Infos. Zagadnienia spo\u0142eczno-gospodarcze., 2017, 9(232), 1-4.<\/li>\n<\/ol>\n<p><\/span><\/p>\n<p>&nbsp;<\/p>\n<p><a href=\"http:\/\/projekt.ppm.edu.pl\/wp-content\/uploads\/2019\/07\/CC_Licencje_obrazkowa_instrukcja.jpg\"><img loading=\"lazy\" decoding=\"async\" class=\"aligncenter wp-image-471\" src=\"http:\/\/www.ppm.edu.pl\/wp-content\/uploads\/2019\/07\/CC_Licencje_obrazkowa_instrukcja-1024x752.jpg\" alt=\"tabelka pokazujaca r\u00f3zne rodzaje licencji cc\" width=\"700\" height=\"514\" srcset=\"https:\/\/projekt.ppm.edu.pl\/wp-content\/uploads\/2019\/07\/CC_Licencje_obrazkowa_instrukcja-1024x752.jpg 1024w, https:\/\/projekt.ppm.edu.pl\/wp-content\/uploads\/2019\/07\/CC_Licencje_obrazkowa_instrukcja-300x220.jpg 300w, https:\/\/projekt.ppm.edu.pl\/wp-content\/uploads\/2019\/07\/CC_Licencje_obrazkowa_instrukcja-768x564.jpg 768w, https:\/\/projekt.ppm.edu.pl\/wp-content\/uploads\/2019\/07\/CC_Licencje_obrazkowa_instrukcja-1320x969.jpg 1320w, https:\/\/projekt.ppm.edu.pl\/wp-content\/uploads\/2019\/07\/CC_Licencje_obrazkowa_instrukcja.jpg 1352w\" sizes=\"auto, (max-width: 700px) 100vw, 700px\" \/><\/a><\/p>\n<h2>Wzory um\u00f3w licencji CC do pobrania:<\/h2>\n<ul>\n<li><a href=\"http:\/\/projekt.ppm.edu.pl\/wp-content\/uploads\/2019\/07\/1-umowa_licencyjna_CCBY.docx\">1 umowa_licencyjna_CC-BY<\/a><\/li>\n<li><a href=\"http:\/\/projekt.ppm.edu.pl\/wp-content\/uploads\/2019\/07\/1a-Za\u0142\u0105cznik_do_umowy_licencyjnej_CCBY.docx\">1a Za\u0142\u0105cznik_do_umowy_licencyjnej_CC-BY<\/a><\/li>\n<li><a href=\"http:\/\/projekt.ppm.edu.pl\/wp-content\/uploads\/2019\/07\/2-umowa_licencyjna_CCBYNC.docx\">2 umowa_licencyjna_CCBYNC<\/a><\/li>\n<li><a href=\"http:\/\/projekt.ppm.edu.pl\/wp-content\/uploads\/2019\/07\/2b-Za\u0142\u0105cznik_do_umowy_licencyjnej_CCBYNC.docx\">2b Za\u0142\u0105cznik_do_umowy_licencyjnej_CC-BY-NC<\/a><\/li>\n<li><a href=\"http:\/\/projekt.ppm.edu.pl\/wp-content\/uploads\/2019\/07\/3-umowa_licencyjna_CCBYNCND.docx\">3umowa_licencyjna_CC-BY-NC-ND<\/a><\/li>\n<li><a href=\"http:\/\/projekt.ppm.edu.pl\/wp-content\/uploads\/2019\/07\/3c-Za\u0142\u0105cznik_do_umowy_licencyjnej_CCBYNCND.docx\">3c Za\u0142\u0105cznik_do_umowy_licencyjnej_CC-BY-NC-ND<\/a><\/li>\n<li><a href=\"http:\/\/projekt.ppm.edu.pl\/wp-content\/uploads\/2019\/07\/4-umowa_licencyjna_CCBYNCSA.docx\">4 umowa_licencyjna_CC-BY-NC-SA<\/a><\/li>\n<li><a href=\"http:\/\/projekt.ppm.edu.pl\/wp-content\/uploads\/2019\/07\/4d-Za\u0142\u0105cznik_do_umowy_licencyjnej_CCBYNCSA.docx\">4d Za\u0142\u0105cznik_do_umowy_licencyjnej_CC-BY-NC-SA<\/a><\/li>\n<li><a href=\"http:\/\/projekt.ppm.edu.pl\/wp-content\/uploads\/2019\/07\/5-umowa_licencyjna_CCBYND.docx\">5 umowa_licencyjna_CC-BY-ND<\/a><\/li>\n<li><a href=\"http:\/\/projekt.ppm.edu.pl\/wp-content\/uploads\/2019\/07\/5e-Za\u0142\u0105cznik_do_umowy_licencyjnej_CCBYND.docx\">5e Za\u0142\u0105cznik_do_umowy_licencyjnej_CC-BY-ND<\/a><\/li>\n<li><a href=\"http:\/\/projekt.ppm.edu.pl\/wp-content\/uploads\/2019\/07\/6-umowa-licencyjna_CCBYSA.docx\">6 umowa licencyjna_CC-BY-SA<\/a><\/li>\n<li><a href=\"http:\/\/projekt.ppm.edu.pl\/wp-content\/uploads\/2019\/07\/6f-Za\u0142\u0105cznik_do_umowy_licencyjnej_CCBYSA.docx\">6f Za\u0142\u0105cznik_do_umowy_licencyjnej_CC-BY-SA<\/a><\/li>\n<li><a href=\"http:\/\/projekt.ppm.edu.pl\/wp-content\/uploads\/2019\/07\/7-umowa_o_przeniesienie_praw_autorskich.docx\">7 umowa_o_przeniesienie_praw_autorskich<\/a><\/li>\n<li><a href=\"http:\/\/projekt.ppm.edu.pl\/wp-content\/uploads\/2021\/06\/7g-Za\u0142\u0105cznik_do_umowy_licencyjnej_1g.docx\">7g Za\u0142\u0105cznik_do_umowy_licencyjnej_1g<\/a><\/li>\n<li><a href=\"http:\/\/projekt.ppm.edu.pl\/wp-content\/uploads\/2019\/07\/8-umowa_licencjyjna_wy\u0142\u0105czna.docx\">8 umowa_licencjyjna_wy\u0142\u0105czna<\/a><\/li>\n<li><a href=\"http:\/\/projekt.ppm.edu.pl\/wp-content\/uploads\/2019\/07\/9-umowa_licencji_dane-badawcze.docx\">9 umowa_licencji_dane badawcze<\/a><\/li>\n<\/ul>\n","protected":false},"excerpt":{"rendered":"<p>Licencje \u201eCreative Commons\u201d (CC) mo\u017cna stosowa\u0107 w odniesieniu do publikacji wszystkich rodzaj\u00f3w utwor\u00f3w obj\u0119tych ochron\u0105 prawa autorskiego (np. ksi\u0105\u017cki, artyku\u0142y w czasopismach, strony internetowe, dane badawcze). Licencje CC pozwalaj\u0105 autorom zachowa\u0107 w\u0142asne prawa i jednocze\u015bnie udost\u0119pnia\u0107 swoj\u0105 tw\u00f3rczo\u015b\u0107 zainteresowanym. Licencje Creative Commons dzia\u0142aj\u0105 na zasadzie &#8220;pewne prawa zastrze\u017cone\u201d &#8211; tzn. w\u0142a\u015bciciel praw autorskich upowa\u017cnia u\u017cytkownika&hellip; <a class=\"continue\" href=\"https:\/\/projekt.ppm.edu.pl\/index.php\/licencje-cc\/\">Czytaj dalej: <span> Licencje Creative Commons<\/span><\/a><\/p>\n","protected":false},"author":4,"featured_media":0,"parent":0,"menu_order":0,"comment_status":"closed","ping_status":"closed","template":"","meta":{"footnotes":""},"class_list":["post-1222","page","type-page","status-publish","hentry"],"_links":{"self":[{"href":"https:\/\/projekt.ppm.edu.pl\/index.php\/wp-json\/wp\/v2\/pages\/1222","targetHints":{"allow":["GET"]}}],"collection":[{"href":"https:\/\/projekt.ppm.edu.pl\/index.php\/wp-json\/wp\/v2\/pages"}],"about":[{"href":"https:\/\/projekt.ppm.edu.pl\/index.php\/wp-json\/wp\/v2\/types\/page"}],"author":[{"embeddable":true,"href":"https:\/\/projekt.ppm.edu.pl\/index.php\/wp-json\/wp\/v2\/users\/4"}],"replies":[{"embeddable":true,"href":"https:\/\/projekt.ppm.edu.pl\/index.php\/wp-json\/wp\/v2\/comments?post=1222"}],"version-history":[{"count":0,"href":"https:\/\/projekt.ppm.edu.pl\/index.php\/wp-json\/wp\/v2\/pages\/1222\/revisions"}],"wp:attachment":[{"href":"https:\/\/projekt.ppm.edu.pl\/index.php\/wp-json\/wp\/v2\/media?parent=1222"}],"curies":[{"name":"wp","href":"https:\/\/api.w.org\/{rel}","templated":true}]}}