{"id":1173,"date":"2021-02-10T15:03:17","date_gmt":"2021-02-10T14:03:17","guid":{"rendered":"http:\/\/projekt.ppm.edu.pl\/?page_id=1173"},"modified":"2021-02-26T12:21:56","modified_gmt":"2021-02-26T11:21:56","slug":"cc-licenses","status":"publish","type":"page","link":"https:\/\/projekt.ppm.edu.pl\/index.php\/en\/cc-licenses\/","title":{"rendered":"Creative Commons licenses"},"content":{"rendered":"<p>Creative Commons (CC) licenses can be applied to all types of works falling under copyright (e.g. books, journal articles, internet websites, research data). CC licenses enable authors to retain their rights and at the same time share their works. Creative Commons licenses operate on a \u201csome rights reserved\u201d basis meaning that the copyright owner grants a reuser permission to use their work under specific conditions. In this way, the fair use boundaries are broader and clearer than the boundaries set on a \u201call rights reserved\u201d basis.<\/p>\n<p>The Creative Commons website (creativecommons.org) includes detailed descriptions of all CC licenses as well as a license chooser that helps to determine which CC license to adopt. The use of CC licenses is free of charge.<\/p>\n<p>&nbsp;<\/p>\n<p><P>Creative Commons licenses grant at least one of the four rights:<\/p>\n<ul>\n<li>BY \u2013 Attribution. This license allows reusers to copy, distribute, display and perform the copyrighted work and make derivative works if an attribution is given to the creator.<\/li>\n<li>NC \u2013 Non-commercial use. This license allows reusers to copy, distribute, display and perform the copyrighted work and make derivative works only for non-commercial purposes.<\/li>\n<li>SA \u2013 Share Alike. The  derivative work may only be distributed under a license identical to (&#8220;not more restrictive than&#8221;) the license that governs the original work.<\/li>\n<li>ND \u2013 No Derivative Works. This license only allows reusers to copy, distribute, display and perform verbatim copies of the copyrighted work. Making derivative works is not allowed.<\/li>\n<\/ul>\n<p>&nbsp;<\/p>\n<p>There are six regularly used Creative Commons licenses. Only two of them are \u201cfree\u201d: CC-BY and CC-BY-SA. The remaining four licenses grant reusers certain rights:<\/p>\n<ul>\n<li>CC BY \u2013 Creative Commons Attribution\u201d, free license;<\/li>\n<li>CC BY-SA \u2013 Creative Commons Attribution\u2013Share Alike, free license;<\/li>\n<li>CC BY-NC \u2013 Creative Commons Attribution\u2013Non-commercial;<\/li>\n<li>CC BY-ND \u2013 Creative Commons Attribution\u2013No Derivatives;<\/li>\n<li>CC BY-NC-SA \u2013 Creative Commons Attribution\u2013Non-commercial\u2013Share Alike;<\/li>\n<li>CC BY-NC-ND \u2013 Creative Commons Attribution\u2013Non-commercial\u2013No Derivatives.<\/li>\n<\/ul>\n<p>&nbsp;<\/p>\n<ol>\nBibliography:<\/p>\n<li>creativecommons.pl [website, accessed on 16.01.2019 r.].<\/li>\n<li>prawokultury.pl\/kurs\/creative-commons [website, accessed on 16.01.2019 r.].<\/li>\n<li>koed.org.pl\/pl\/ [website, accessed on 16.01.2019 r.].<\/li>\n<li>sherpa.ac.uk\/romeo\/index.php [website, accessed on 16.01.2019 r.].<\/li>\n<li>v2.sherpa.ac.uk\/opendoar\/ [website, accessed on 16.01.2019 r.].<\/li>\n<li>roar.eprints.org\/ [website, accessed on 16.01.2019 r.].<\/li>\n<li>doaj.org [website, accessed on 16.01.2019 r.].<\/li>\n<li>Otwarty dost\u0119p do publikacji naukowych : kwestie prawne [electronic document] \/ Krzysztof Siewicz. \u2013 Warszawa : Wydawnictwa Uniwersytetu Warszawskiego, cop. 2012.<\/li>\n<li>Otwarty dost\u0119p [electronic document] \/ Peter Suber ; [przek\u0142. Roman Bogacewicz, Maciej Chojnowski, Wojciech Fenrich, Joanna Kielan, Andrzej Le\u015bniak, Krzysztof Siewicz, Micha\u0142 Starczewski, Jakub Szprot]. \u2013 Warszawa : Wydawnictwa Uniwersytetu Warszawskiego, cop. 2014.<\/li>\n<li>Otwarta nauka w Polsce 2014 [electronic document] : diagnoza \/ pod redakcj\u0105 Jakuba Szprota ; autorzy Andrzej Le\u015bniak, Michael Morys-Twarowski, Krzysztof Siewicz, Micha\u0142 Starczewski, Lidia St\u0119pi\u0144ska-Ustasiak, Jakub Szprot. \u2013 Warszawa : Wydawnictwa ICM, 2014.<\/li>\n<li>Otwarta nauka: prawo autorskie i wolne licencje [electronic document] : broszura powsta\u0142a w ramach szkolenia \u201ePrawo autorskie i wolne licencje w otwartej nauce\u201d, kt\u00f3re odby\u0142o si\u0119 8 i 14 grudnia 2017 roku w Warszawie \/ Ewa Majdecka, Katarzyna Strycharz. \u2013 Warszawa : Centrum Cyfrowe, 2018.<\/li>\n<li>St\u0119pi\u0144ska-Ustasiak L., Open access to research data and scientific publications. Infos. Zagadnienia spo\u0142eczno-gospodarcze., 2017, 9(232), 1-4.<\/li>\n<\/ol>\n<p>&nbsp;<\/p>\n<h2>CC license agreement templates for download:<\/h2>\n<ul>\n<li><a href=\"http:\/\/projekt.ppm.edu.pl\/wp-content\/uploads\/2021\/02\/CC-BY.doc\">Unpaid non-exclusive license agreement (CC-BY)<\/a><\/li>\n<li><a href=\"http:\/\/projekt.ppm.edu.pl\/wp-content\/uploads\/2021\/02\/CC-BY-NC.doc\">Unpaid non-exclusive license agreement (CC-BY-NC)<\/a><\/li>\n<li><a href=\"http:\/\/projekt.ppm.edu.pl\/wp-content\/uploads\/2021\/02\/CC-BY-NC-ND.doc\">Unpaid non-exclusive license agreement (CC-BY-NC-ND)<\/a><\/li>\n<li><a href=\"http:\/\/projekt.ppm.edu.pl\/wp-content\/uploads\/2021\/02\/CC-BY-NC-SA.doc\">Unpaid non-exclusive license agreement(CC-BY-NC-SA)<\/a><\/li>\n<li><a href=\"http:\/\/projekt.ppm.edu.pl\/wp-content\/uploads\/2021\/02\/CC-BY-ND.doc\">Unpaid non-exclusive license agreement (CC-BY-ND)<\/a><\/li>\n<li><a href=\"http:\/\/projekt.ppm.edu.pl\/wp-content\/uploads\/2021\/02\/CC-BY-SA.doc\">Unpaid non-exclusive license agreement (CC-BY-SA)<\/a><\/li>\n<li><a href=\"http:\/\/projekt.ppm.edu.pl\/wp-content\/uploads\/2021\/02\/NARROWEST.doc\">License agreement<\/a><\/li>\n<li><a href=\"http:\/\/projekt.ppm.edu.pl\/wp-content\/uploads\/2021\/02\/EXCLUSIVE.doc\">License agreement (EXCLUSIVE LICENSE)<\/a><\/li>\n<li><a href=\"http:\/\/projekt.ppm.edu.pl\/wp-content\/uploads\/2021\/02\/RESEARCH-DATA.doc\">License agreement for research data<\/a><\/li>\n<li><a href=\"http:\/\/projekt.ppm.edu.pl\/wp-content\/uploads\/2021\/02\/TRANSFER.doc\">Agreement on unpaid transfer of property rightst<\/a><\/li>\n<\/ul>\n","protected":false},"excerpt":{"rendered":"<p>Creative Commons (CC) licenses can be applied to all types of works falling under copyright (e.g. books, journal articles, internet websites, research data). CC licenses enable authors to retain their rights and at the same time share their works. Creative Commons licenses operate on a \u201csome rights reserved\u201d basis meaning that the copyright owner grants&hellip; <a class=\"continue\" href=\"https:\/\/projekt.ppm.edu.pl\/index.php\/en\/cc-licenses\/\">Czytaj dalej: <span> Creative Commons licenses<\/span><\/a><\/p>\n","protected":false},"author":4,"featured_media":0,"parent":0,"menu_order":0,"comment_status":"closed","ping_status":"closed","template":"","meta":{"footnotes":""},"class_list":["post-1173","page","type-page","status-publish","hentry"],"_links":{"self":[{"href":"https:\/\/projekt.ppm.edu.pl\/index.php\/wp-json\/wp\/v2\/pages\/1173","targetHints":{"allow":["GET"]}}],"collection":[{"href":"https:\/\/projekt.ppm.edu.pl\/index.php\/wp-json\/wp\/v2\/pages"}],"about":[{"href":"https:\/\/projekt.ppm.edu.pl\/index.php\/wp-json\/wp\/v2\/types\/page"}],"author":[{"embeddable":true,"href":"https:\/\/projekt.ppm.edu.pl\/index.php\/wp-json\/wp\/v2\/users\/4"}],"replies":[{"embeddable":true,"href":"https:\/\/projekt.ppm.edu.pl\/index.php\/wp-json\/wp\/v2\/comments?post=1173"}],"version-history":[{"count":0,"href":"https:\/\/projekt.ppm.edu.pl\/index.php\/wp-json\/wp\/v2\/pages\/1173\/revisions"}],"wp:attachment":[{"href":"https:\/\/projekt.ppm.edu.pl\/index.php\/wp-json\/wp\/v2\/media?parent=1173"}],"curies":[{"name":"wp","href":"https:\/\/api.w.org\/{rel}","templated":true}]}}