{"id":1088,"date":"2021-01-13T14:17:54","date_gmt":"2021-01-13T13:17:54","guid":{"rendered":"http:\/\/projekt.ppm.edu.pl\/?page_id=1088"},"modified":"2021-01-29T15:17:09","modified_gmt":"2021-01-29T14:17:09","slug":"materialy-promocyjne","status":"publish","type":"page","link":"https:\/\/projekt.ppm.edu.pl\/index.php\/materialy-promocyjne\/","title":{"rendered":"Materia\u0142y promocyjne"},"content":{"rendered":"<div style=\"margin: 0 auto\">\n<div style=\"float:left; margin:10px\">\nPrezentacja Polskiej Platformy Medycznej<br \/>\n<iframe loading=\"lazy\" width=\"400\" height=\"225\" src=\"https:\/\/www.youtube.com\/embed\/s8yMHoj1Bsc\" frameborder=\"0\" allow=\"accelerometer; autoplay; clipboard-write; encrypted-media; gyroscope; picture-in-picture\" allowfullscreen><\/iframe>\n<\/div>\n<div style=\"float:left; margin:10px\">\nFilm promocyjny<br \/>\n<iframe loading=\"lazy\" width=\"400\" height=\"225\" src=\"https:\/\/www.youtube.com\/embed\/pmWMwTSCcT0\" frameborder=\"0\" allow=\"accelerometer; autoplay; clipboard-write; encrypted-media; gyroscope; picture-in-picture\" allowfullscreen><\/iframe>\n<\/div>\n<div style=\"float:left; margin:10px\">\nSpot promocyjny 1<br \/>\n<iframe loading=\"lazy\" width=\"400\" height=\"225\" src=\"https:\/\/www.youtube.com\/embed\/KYNkrKMWSoM\" frameborder=\"0\" allow=\"accelerometer; autoplay; clipboard-write; encrypted-media; gyroscope; picture-in-picture\" allowfullscreen><\/iframe>\n<\/div>\n<div style=\"float:left; margin:10px\">\n&nbsp;<br \/>\nSpot promocyjny 2<br \/>\n<iframe loading=\"lazy\" width=\"400\" height=\"225\" src=\"https:\/\/www.youtube.com\/embed\/X4MF3hD6kfI\" frameborder=\"0\" allow=\"accelerometer; autoplay; clipboard-write; encrypted-media; gyroscope; picture-in-picture\" allowfullscreen><\/iframe>\n<\/div>\n<div style=\"float:left; margin:10px; max-width:400px\">\nPrezentacja PPM przygotowana dla os\u00f3b z niepe\u0142nosprawno\u015bci\u0105 narz\u0105du s\u0142uchu<br \/>\n<iframe loading=\"lazy\" width=\"400\" height=\"225\" src=\"https:\/\/www.youtube.com\/embed\/3y6Df77kfQ0\" frameborder=\"0\" allow=\"accelerometer; autoplay; clipboard-write; encrypted-media; gyroscope; picture-in-picture\" allowfullscreen><\/iframe>\n<\/div>\n<div style=\"float:left; margin:10px; max-width:400px\">\nPrezentacja PPM przygotowana dla os\u00f3b z niepe\u0142nosprawno\u015bci\u0105 narz\u0105du wzroku<br \/>\n<iframe loading=\"lazy\" width=\"400\" height=\"225\" src=\"https:\/\/www.youtube.com\/embed\/Gws_30bMp2k\" frameborder=\"0\" allow=\"accelerometer; autoplay; clipboard-write; encrypted-media; gyroscope; picture-in-picture\" allowfullscreen><\/iframe>\n<\/div>\n<\/div>\n","protected":false},"excerpt":{"rendered":"<p>Prezentacja Polskiej Platformy Medycznej Film promocyjny Spot promocyjny 1 &nbsp; Spot promocyjny 2 Prezentacja PPM przygotowana dla os\u00f3b z niepe\u0142nosprawno\u015bci\u0105 narz\u0105du s\u0142uchu Prezentacja PPM przygotowana dla os\u00f3b z niepe\u0142nosprawno\u015bci\u0105 narz\u0105du wzroku<\/p>\n","protected":false},"author":2,"featured_media":0,"parent":0,"menu_order":0,"comment_status":"closed","ping_status":"closed","template":"","meta":{"footnotes":""},"class_list":["post-1088","page","type-page","status-publish","hentry"],"_links":{"self":[{"href":"https:\/\/projekt.ppm.edu.pl\/index.php\/wp-json\/wp\/v2\/pages\/1088","targetHints":{"allow":["GET"]}}],"collection":[{"href":"https:\/\/projekt.ppm.edu.pl\/index.php\/wp-json\/wp\/v2\/pages"}],"about":[{"href":"https:\/\/projekt.ppm.edu.pl\/index.php\/wp-json\/wp\/v2\/types\/page"}],"author":[{"embeddable":true,"href":"https:\/\/projekt.ppm.edu.pl\/index.php\/wp-json\/wp\/v2\/users\/2"}],"replies":[{"embeddable":true,"href":"https:\/\/projekt.ppm.edu.pl\/index.php\/wp-json\/wp\/v2\/comments?post=1088"}],"version-history":[{"count":0,"href":"https:\/\/projekt.ppm.edu.pl\/index.php\/wp-json\/wp\/v2\/pages\/1088\/revisions"}],"wp:attachment":[{"href":"https:\/\/projekt.ppm.edu.pl\/index.php\/wp-json\/wp\/v2\/media?parent=1088"}],"curies":[{"name":"wp","href":"https:\/\/api.w.org\/{rel}","templated":true}]}}